{"id":98,"date":"2020-05-09T14:58:22","date_gmt":"2020-05-09T14:58:22","guid":{"rendered":"https:\/\/www.apaoltenia.ro\/\/?page_id=98"},"modified":"2020-08-04T12:31:46","modified_gmt":"2020-08-04T12:31:46","slug":"bransari-si-racordari","status":"publish","type":"page","link":"https:\/\/www.apaoltenia.ro\/index.php\/informatii-utile\/bransari-si-racordari\/","title":{"rendered":"Bran\u0219\u0103ri \u0219i racord\u0103ri"},"content":{"rendered":"<p>ACTE NECESARE PENTRU REALIZARE BRAN\u015eAMENT DE ALIMENTARE CU AP\u0102 \u0218I\/SAU RACORD DE CANALIZARE<\/p>\n<p>\u2022 Copie act proprietate construc\u0163ie sau autoriza\u0163ie de construire sau hot\u0103r\u00e2re judec\u0103toreasc\u0103 sau act impunere financiar<br \/>\n\u2022 Copie certificat nomenclatur\u0103 stradal\u0103<br \/>\n\u2022 Copie P.U.Z.<br \/>\n\u2022 Copie BI\/CI<br \/>\n\u2022 Extras de carte funciar\u0103<br \/>\n\u2022 Acord notarial din partea finan\u021batorului investi\u021biei<br \/>\n\u2022 Avizul centrului zonal \u2013 pentru localit\u0103\u021bi din aria de operare, altele dec\u00e2t Craiova<\/p>\n<p><a href=\"https:\/\/www.apaoltenia.ro\/wp-content\/uploads\/2020\/07\/formular-SEPTEMBRIE-2013-cerere-bran\u015fament-racord-AGENTI-ECONOMICI.doc\">Cerere bran\u015fament &#8211; racord AGEN\u021aI ECONOMICI<\/a><\/p>\n<p><a href=\"https:\/\/www.apaoltenia.ro\/wp-content\/uploads\/2020\/07\/formular-SEPTEMBRIE-2013-cerere-bran\u015fament-racord-persoane-fizice.doc\">Cerere bran\u015fament &#8211; racord PERSOANE FIZICE<\/a><\/p>\n","protected":false},"excerpt":{"rendered":"<p>ACTE NECESARE PENTRU REALIZARE BRAN\u015eAMENT DE ALIMENTARE CU AP\u0102 \u0218I\/SAU RACORD DE CANALIZARE \u2022 Copie act proprietate construc\u0163ie sau autoriza\u0163ie de construire sau hot\u0103r\u00e2re judec\u0103toreasc\u0103 sau act impunere financiar \u2022 Copie certificat nomenclatur\u0103 stradal\u0103 \u2022 Copie P.U.Z. \u2022 Copie BI\/CI \u2022 Extras de carte funciar\u0103 \u2022 Acord notarial din partea finan\u021batorului investi\u021biei \u2022 Avizul centrului &hellip;<\/p>\n<p class=\"read-more\"> <a class=\"\" href=\"https:\/\/www.apaoltenia.ro\/index.php\/informatii-utile\/bransari-si-racordari\/\"> <span class=\"screen-reader-text\">Bran\u0219\u0103ri \u0219i racord\u0103ri<\/span> Read More &raquo;<\/a><\/p>\n","protected":false},"author":1,"featured_media":0,"parent":82,"menu_order":4,"comment_status":"closed","ping_status":"closed","template":"","meta":[],"_links":{"self":[{"href":"https:\/\/www.apaoltenia.ro\/index.php\/wp-json\/wp\/v2\/pages\/98"}],"collection":[{"href":"https:\/\/www.apaoltenia.ro\/index.php\/wp-json\/wp\/v2\/pages"}],"about":[{"href":"https:\/\/www.apaoltenia.ro\/index.php\/wp-json\/wp\/v2\/types\/page"}],"author":[{"embeddable":true,"href":"https:\/\/www.apaoltenia.ro\/index.php\/wp-json\/wp\/v2\/users\/1"}],"replies":[{"embeddable":true,"href":"https:\/\/www.apaoltenia.ro\/index.php\/wp-json\/wp\/v2\/comments?post=98"}],"version-history":[{"count":4,"href":"https:\/\/www.apaoltenia.ro\/index.php\/wp-json\/wp\/v2\/pages\/98\/revisions"}],"predecessor-version":[{"id":706,"href":"https:\/\/www.apaoltenia.ro\/index.php\/wp-json\/wp\/v2\/pages\/98\/revisions\/706"}],"up":[{"embeddable":true,"href":"https:\/\/www.apaoltenia.ro\/index.php\/wp-json\/wp\/v2\/pages\/82"}],"wp:attachment":[{"href":"https:\/\/www.apaoltenia.ro\/index.php\/wp-json\/wp\/v2\/media?parent=98"}],"curies":[{"name":"wp","href":"https:\/\/api.w.org\/{rel}","templated":true}]}}