{"id":94,"date":"2020-05-09T14:57:32","date_gmt":"2020-05-09T14:57:32","guid":{"rendered":"https:\/\/www.apaoltenia.ro\/\/?page_id=94"},"modified":"2025-06-17T11:50:49","modified_gmt":"2025-06-17T08:50:49","slug":"acte-utile","status":"publish","type":"page","link":"https:\/\/www.apaoltenia.ro\/index.php\/informatii-utile\/acte-utile\/","title":{"rendered":"Acte utile"},"content":{"rendered":"<p style=\"color:blue;\"> <strong>Contractul de furnizare a serviciilor de alimentare cu ap\u0103 \u0219i de canalizare<\/strong><\/p>\r\n<p><a href=\"https:\/\/www.apaoltenia.ro\/wp-content\/uploads\/2021\/07\/Contract-cadru.pdf\">Contract Servicii Ap\u0103 \u0219i Canalizare CAO<\/a><\/p>\r\n<p><a href=\"https:\/\/www.apaoltenia.ro\/wp-content\/uploads\/2021\/07\/Anexa-1.pdf\">Anexa 1<\/a><\/p>\r\n<p><a href=\"https:\/\/www.apaoltenia.ro\/wp-content\/uploads\/2021\/07\/Anexa-2.pdf\">Anexa 2<\/a><\/p>\r\n<p style=\"color:blue;\"> <strong>Acte necesare deschidere partid\u0103, schimbare partid\u0103, re\u00eennoire contract<\/strong><\/p>\r\n\r\n<p><a href=\"https:\/\/www.apaoltenia.ro\/wp-content\/uploads\/2025\/03\/2-Cerere-deschidere-partida-apa-persoane-juridice.doc\"> Cerere deschidere partid\u0103 &#8211; Persoane Juridice<\/a><\/p>\r\n<p><a href=\"https:\/\/www.apaoltenia.ro\/wp-content\/uploads\/2025\/06\/crerere-pentru-deschidere-schimbare-innoire-partida-persoane-juridice.docx\"> Cerere pentru schimbare\/re\u00eennoire partid\u0103 persoane juridice<\/a><\/p>\r\n<p><a href=\"https:\/\/www.apaoltenia.ro\/wp-content\/uploads\/2025\/06\/1-Cerere-deschidere-pers-fizice-Bloc-1.docx\"> Cerere pentru deschidere partid\u0103 &#8211; Persoane Fizice<\/a><\/p>\r\n<p><a href=\"https:\/\/www.apaoltenia.ro\/wp-content\/uploads\/2025\/03\/3-Cerere-schimbare-partida.docx\"> Cerere pentru schimbare partid\u0103 &#8211; Persoane Fizice<\/a><\/p>\r\n<p><a href=\"https:\/\/www.apaoltenia.ro\/wp-content\/uploads\/2025\/03\/4-Reinnoire-Contract.docx\"> Cerere pentru re\u00eennoire contract &#8211; Persoane Fizice<\/a><\/p>\r\n<p><a href=\"https:\/\/www.apaoltenia.ro\/wp-content\/uploads\/2025\/03\/Acord-pentru-Incheiere-Contract.docx\"> Acord pentru \u00eencheiere Contract &#8211; Persoane Fizice\/Juridice<\/a><\/p>\r\n<p><a href=\"https:\/\/www.apaoltenia.ro\/wp-content\/uploads\/2025\/03\/Cerere-incheiere-contract-vidanjare.docx\"> Cerere \u00eencheiere contract vidanjare<\/a><\/p>\r\n<p><a href=\"https:\/\/www.apaoltenia.ro\/wp-content\/uploads\/2025\/03\/Cerere-incheiere-contract-preluare-ape-uzate-permis-vidanjare.docx\"> Cerere \u00eencheiere contract preluare ape uzate \/ permis vidanjare<\/a><\/p>\r\n\r\n<p style=\"color:blue;\"> <strong>Bran\u0219\u0103ri \u0219i racord\u0103ri<\/strong><\/p>\r\n<p>ACTE NECESARE PENTRU REALIZARE BRAN\u015eAMENT DE ALIMENTARE CU AP\u0102 \u0218I\/SAU RACORD DE CANALIZARE<\/p>\r\n<p>\u2022 Copie act proprietate construc\u0163ie sau autoriza\u0163ie de construire sau hot\u0103r\u00e2re judec\u0103toreasc\u0103 sau act impunere financiar<br>\r\n\u2022 Copie certificat nomenclatur\u0103 stradal\u0103<br>\r\n\u2022 Copie P.U.Z.<br>\r\n\u2022 Copie BI\/CI<br>\r\n\u2022 Extras de carte funciar\u0103<br>\r\n\u2022 Acord notarial din partea finan\u021batorului investi\u021biei<br>\r\n\u2022 Avizul centrului zonal \u2013 pentru localit\u0103\u021bi din aria de operare, altele dec\u00e2t Craiova<\/p>\r\n<p><a href=\"https:\/\/www.apaoltenia.ro\/wp-content\/uploads\/2025\/03\/cerere-bransament-racord-Agenti-Economici-1.docx\">Cerere bran\u015fament &#8211; racord AGEN\u021aI ECONOMICI<\/a><\/p>\r\n<p><a href=\"https:\/\/www.apaoltenia.ro\/wp-content\/uploads\/2025\/03\/cerere-bransament-racord-Persoane-Fizice-1.docx\">Cerere bran\u015fament &#8211; racord PERSOANE FIZICE<\/a><\/p>\r\n<p style=\"color:blue;\"> <strong>Separarea aliment\u0103rii cu ap\u0103 potabil\u0103 \u00een condominii \u2013 etape pentru trecerea la distribu\u021bia orizontal\u0103 a apei \u00een condominiu<\/strong><\/p>\r\n<p><a href=\"https:\/\/www.apaoltenia.ro\/wp-content\/uploads\/2020\/07\/Cerere-Aviz-Bransare-distributie-orizontala.doc\"> Cerere Aviz Bran\u0219are distribu\u021bie orizontal\u0103<\/a><\/p>\r\n<p><a href=\"https:\/\/www.apaoltenia.ro\/wp-content\/uploads\/2020\/07\/Condit\u0326iile-pentru-trecerea-la-distribut\u0326ia-orizontala\u0306-a-apei-i\u0302n-condominii.docx\"> Condi\u021biile pentru trecerea la distribu\u021bia orizontala\u0306 a apei i\u0302n condominii<\/a><\/p>\r\n<p><a href=\"https:\/\/www.apaoltenia.ro\/wp-content\/uploads\/2020\/07\/Declaratie-colectiva.docx\"> Declara\u021bie colectiv\u0103<\/a><\/p>\r\n<p><a href=\"https:\/\/www.apaoltenia.ro\/wp-content\/uploads\/2020\/07\/Declaratie-necesara-pentru-trecerea-la-distributia-orizontala.doc\"> Declara\u021bie necesar\u0103 pentru trecerea la distribu\u021bia orizontal\u0103<\/a><\/p>\r\n<p><a href=\"https:\/\/www.apaoltenia.ro\/wp-content\/uploads\/2020\/07\/Etapele-pentru-trecerea-la-distributia-orizontala.docx\"> Etapele pentru trecerea la distribu\u021bia orizontal\u0103<\/a><\/p>\r\n<p><a href=\"https:\/\/www.apaoltenia.ro\/wp-content\/uploads\/2020\/07\/Model-proces-verbal-adunare-generala.docx\"> Model proces verbal adunare general\u0103<\/a><\/p>\r\n<p style=\"color:blue;\" align=\"left\"><b>Avize tehnice<\/b><\/p>\r\n\r\n\r\n<p>ACTE NECESARE PENTRU ELIBERAREA FI\u015eEI TEHNICE<\/p>\r\n\r\n\r\n<ul>\r\n<li>copie certificat urbanism<\/li>\r\n<li>copie BI\/CI<\/li>\r\n<li>copie certificat nomenclatur\u0103 stradal\u0103<\/li>\r\n<li>copie P.U.Z.<\/li>\r\n<li>copie P.U.G.<\/li>\r\n<li>copie plan de delimitare \u015fi amplasament<\/li>\r\n<li>avizul centrului zonal &#8211; pentru localit\u0103\u021bi din aria de operare, altele dec\u00e2t Craiova<\/li>\r\n<\/ul>\r\n\r\n\r\n<p><br><b>Formulare \u0219i Tarife<\/b><br><\/p>\r\n\r\n\r\n<p><a href=\"https:\/\/www.apaoltenia.ro\/wp-content\/uploads\/2020\/06\/TARIF-AVIZ-AMPLASAMENT.pdf\">Tarif aviz amplasament<\/a><\/p>\r\n<p><a href=\"https:\/\/www.apaoltenia.ro\/wp-content\/uploads\/2020\/06\/Formular-Fisa-Tehnica.pdf\">Formular fi\u0219\u0103 tehnic\u0103<\/a><\/p>\r\n<p><a href=\"https:\/\/www.apaoltenia.ro\/wp-content\/uploads\/2020\/06\/Cerere-aviz-de-amplasament.pdf\">Cerere aviz de amplasament<\/a><\/p>\r\n\r\n<p style=\"color:blue;\" align=\"center\"><b>CON\u021aINUT DOCUMENTA\u021aIE OB\u021aINERE ACORD DE PRELUARE APE UZATE LA RE\u021aEAUA DE CANALIZARE A&nbsp; MUNICIPIULUI\/LOCALITATEA\u2026\u2026\u2026\u2026\u2026\u2026\u2026\u2026<\/b><\/p>\r\n<ul>\r\n<li><b>Cerere tip<\/b><\/li>\r\n<\/ul>\r\n<p><b><i>1.<\/i><\/b><b>&nbsp;&nbsp;&nbsp;&nbsp;&nbsp;&nbsp;&nbsp;&nbsp; <\/b><b><i>FI\u015e\u0102 PREZENTARE<\/i><\/b><b><\/b><\/p>\r\n<p>1.1.&nbsp;&nbsp;&nbsp;&nbsp;&nbsp; Denumire societate<\/p>\r\n<p>1.2.&nbsp;&nbsp;&nbsp;&nbsp;&nbsp; Adres\u0103, telefon, fax<\/p>\r\n<p>1.3.&nbsp;&nbsp;&nbsp;&nbsp;&nbsp; Amplasament<\/p>\r\n<p>1.4.&nbsp;&nbsp;&nbsp;&nbsp;&nbsp; Profilul de activitate<\/p>\r\n<p>1.5.&nbsp;&nbsp;&nbsp;&nbsp;&nbsp; Forma de proprietate<\/p>\r\n<p>1.6.&nbsp;&nbsp;&nbsp;&nbsp;&nbsp; Regim de lucru<\/p>\r\n<p><b><i>2.<\/i><\/b><b>&nbsp;&nbsp;&nbsp;&nbsp;&nbsp;&nbsp;&nbsp;&nbsp; <i>MEMORIU TEHNIC <\/i><\/b><\/p>\r\n<p>2.1.&nbsp;&nbsp;&nbsp;&nbsp;&nbsp; Prezentare activitate specific\u0103 desf\u0103\u0219urat\u0103 de societate<\/p>\r\n<p>2.2.&nbsp;&nbsp;&nbsp;&nbsp;&nbsp; Descriere procese de fabrica\u021bie<\/p>\r\n<p>2.3.&nbsp;&nbsp;&nbsp;&nbsp;&nbsp; Suprafa\u021b\u0103 incint\u0103, din care suprafa\u021b\u0103 construit\u0103 \u0219i suprafa\u021b\u0103 betonat\u0103 (asfaltat\u0103)<\/p>\r\n<p>2.4.&nbsp;&nbsp;&nbsp;&nbsp;&nbsp; Modul de asigurare cu utilit\u0103\u021bi (ap\u0103-canal): surse, cantit\u0103\u021bi, volume, din care surse proprii sau re\u021bea Compania de Ap\u0103 Oltenia.<\/p>\r\n<p>2.5.&nbsp;&nbsp;&nbsp;&nbsp;&nbsp; Materii prime auxiliare \u0219i combustibili utiliza\u021bi<\/p>\r\n<p>2.6.&nbsp;&nbsp;&nbsp;&nbsp;&nbsp; Produse \u0219i subproduse ob\u021binute \u0219i destina\u021bia<\/p>\r\n<p>2.7.&nbsp;&nbsp;&nbsp;&nbsp;&nbsp; Sursele de poluan\u021bi pentru ape, concentra\u021bia \u0219i debitele masice de poluan\u021bi rezulta\u021bi pe faze tehnologice \u0219i de activitate<\/p>\r\n<p>2.8.&nbsp;&nbsp;&nbsp;&nbsp;&nbsp; Sta\u0163ii de preepurare sau epurare a apelor uzate existente sau \u00een curs de execu\u0163ie; randamente de re\u0163inere a poluan\u0163ilor evacua\u0163i<\/p>\r\n<p>2.9.&nbsp;&nbsp;&nbsp;&nbsp;&nbsp; Concentra\u0163iile de poluan\u0163i evacua\u0163i, locul de evacuare<\/p>\r\n<p>2.10.&nbsp;&nbsp;&nbsp; Substan\u0163e toxice \u015fi periculoase produse, folosite, comercializate (dac\u0103 este cazul)<\/p>\r\n<p>2.11.&nbsp;&nbsp;&nbsp; Modul de gospod\u0103rire a substan\u0163elor toxice \u015fi periculoase \u015fi asigurarea condi\u0163iilor de protec\u0163ie a apelor (dac\u0103 este cazul)<\/p>\r\n<p>2.12.&nbsp;&nbsp;&nbsp; Monitorizarea calit\u0103\u0163ii apei uzate (se realizeaz\u0103 cu laboratorul propriu sau ter\u0163i)<\/p>\r\n<p>2.13.&nbsp;&nbsp;&nbsp; Contorizarea debitului de ap\u0103 evacuat\u0103 (dac\u0103 este cazul)<\/p>\r\n<p>2.14.&nbsp;&nbsp; &nbsp;Buletin de analiz\u0103 emis de un laborator analiz\u0103 ap\u0103 uzat\u0103.<\/p>\r\n<p>2.15.&nbsp; &nbsp;&nbsp;Avizul Direc\u021biei de S\u0103n\u0103tate Public\u0103 (pentru unit\u0103\u0163ile medicale \u015fi veterinare, curative sau profilactice, laboratoarelor \u015fi institutele de cercetare medical\u0103 \u015fi veterinar\u0103, inteprinderile de ecarisaj precum \u015fi orice fel de intreprinderi \u015fi institu\u0163ii care prin specificul activit\u0103\u021bii lor pot produce contaminarea cu agen\u021bi patogeni-microbi, virusuri, ou\u0103 de parazi\u021bi).<\/p>\r\n<p><b><i>3.&nbsp;&nbsp;&nbsp;&nbsp;&nbsp;&nbsp;&nbsp;&nbsp; PIESE DESENATE, REGULAMENTE, SCHEME<\/i><\/b><i><\/i><\/p>\r\n<p>3.1.&nbsp;&nbsp;&nbsp;&nbsp;&nbsp; Plan \u00eencadrare \u00een zon\u0103 a obiectivului (1:5.000 sau 1:10.000)<\/p>\r\n<p>3.2.&nbsp;&nbsp;&nbsp;&nbsp;&nbsp; Plan suprafa\u0163\u0103&nbsp; incint\u0103 \u015fi&nbsp; schema re\u0163elei interioare de canalizare<\/p>\r\n<p>3.3.&nbsp;&nbsp;&nbsp;&nbsp;&nbsp; Schema flux a procesului tehnologic sau a activit\u0103\u0163ii, cu specifica\u0163ia punctelor unde apar poluan\u0163i, modul de colectare \u015fi dirijare la instala\u0163ia de epurare.<\/p>\r\n<p>3.4.&nbsp;&nbsp;&nbsp;&nbsp;&nbsp; Schema tehnologic\u0103 a instala\u0163iei de epurare, preepurare, dimensionare, eficien\u0163\u0103<\/p>\r\n<p>3.5.&nbsp;&nbsp;&nbsp;&nbsp;&nbsp; Scheme tehnologice de gospod\u0103rire a substan\u0163elor toxice (daca este cazul)<\/p>\r\n<p><b><i>4.&nbsp;&nbsp;&nbsp;&nbsp;&nbsp;&nbsp;&nbsp;&nbsp; COPII XEROX: CERTIFICAT \u00ceNREGISTRARE SOCIETATE, AUTORIZA\u0162IE DE MEDIU, AUTORIZA\u0162IE DE GOSPOD\u0102RIRE A APELOR (dac\u0103 este cazul)<\/i><\/b><\/p>\r\n<p><i>&nbsp;<a href=\"https:\/\/www.apaoltenia.ro\/wp-content\/uploads\/2020\/07\/Cerere-obtinere-acord.doc\">Cerere ob\u021binere acord<\/a> <\/i><\/p>\r\n<p><i><a href=\"https:\/\/www.apaoltenia.ro\/wp-content\/uploads\/2020\/07\/Cerere-revizuire-acord.doc\">Cerere revizuire acord<\/a><\/i><\/p>\r\n<p align=\"center\"><b>BMICMBA,<\/b><\/p>\r\n<p align=\"center\">Ing.Naidin Marinel \u2013 0728283625<\/p>\r\n<p align=\"center\"><b>&nbsp;&nbsp;&nbsp;&nbsp;&nbsp;&nbsp;&nbsp;&nbsp;&nbsp;&nbsp;&nbsp;&nbsp;&nbsp;&nbsp;&nbsp;&nbsp;&nbsp;&nbsp;&nbsp;&nbsp;&nbsp;&nbsp;&nbsp;&nbsp;&nbsp;&nbsp;&nbsp;&nbsp;&nbsp;&nbsp;&nbsp;&nbsp;&nbsp;&nbsp;&nbsp;&nbsp;&nbsp;&nbsp;&nbsp;&nbsp;&nbsp;&nbsp;&nbsp;&nbsp;&nbsp;&nbsp;&nbsp;&nbsp;&nbsp;&nbsp;&nbsp;&nbsp;&nbsp;&nbsp;&nbsp;&nbsp;&nbsp;&nbsp;&nbsp;&nbsp;&nbsp;&nbsp;&nbsp;&nbsp;&nbsp;&nbsp;&nbsp;&nbsp;&nbsp;&nbsp;&nbsp;&nbsp;&nbsp;&nbsp;&nbsp;&nbsp;&nbsp;&nbsp;&nbsp;&nbsp;&nbsp;&nbsp;&nbsp; <\/b>Cod F.CAO.5.10.03 rev. 1<\/p>","protected":false},"excerpt":{"rendered":"<p>Contractul de furnizare a serviciilor de alimentare cu ap\u0103 \u0219i de canalizare Contract Servicii Ap\u0103 \u0219i Canalizare CAO Anexa 1 Anexa 2 Acte necesare deschidere partid\u0103, schimbare partid\u0103, re\u00eennoire contract Cerere deschidere partid\u0103 &#8211; Persoane Juridice Cerere pentru schimbare\/re\u00eennoire partid\u0103 persoane juridice Cerere pentru deschidere partid\u0103 &#8211; Persoane Fizice Cerere pentru schimbare partid\u0103 &#8211; Persoane &hellip;<\/p>\n<p class=\"read-more\"> <a class=\"\" href=\"https:\/\/www.apaoltenia.ro\/index.php\/informatii-utile\/acte-utile\/\"> <span class=\"screen-reader-text\">Acte utile<\/span> Read More &raquo;<\/a><\/p>\n","protected":false},"author":1,"featured_media":0,"parent":82,"menu_order":3,"comment_status":"closed","ping_status":"closed","template":"","meta":[],"_links":{"self":[{"href":"https:\/\/www.apaoltenia.ro\/index.php\/wp-json\/wp\/v2\/pages\/94"}],"collection":[{"href":"https:\/\/www.apaoltenia.ro\/index.php\/wp-json\/wp\/v2\/pages"}],"about":[{"href":"https:\/\/www.apaoltenia.ro\/index.php\/wp-json\/wp\/v2\/types\/page"}],"author":[{"embeddable":true,"href":"https:\/\/www.apaoltenia.ro\/index.php\/wp-json\/wp\/v2\/users\/1"}],"replies":[{"embeddable":true,"href":"https:\/\/www.apaoltenia.ro\/index.php\/wp-json\/wp\/v2\/comments?post=94"}],"version-history":[{"count":54,"href":"https:\/\/www.apaoltenia.ro\/index.php\/wp-json\/wp\/v2\/pages\/94\/revisions"}],"predecessor-version":[{"id":11504,"href":"https:\/\/www.apaoltenia.ro\/index.php\/wp-json\/wp\/v2\/pages\/94\/revisions\/11504"}],"up":[{"embeddable":true,"href":"https:\/\/www.apaoltenia.ro\/index.php\/wp-json\/wp\/v2\/pages\/82"}],"wp:attachment":[{"href":"https:\/\/www.apaoltenia.ro\/index.php\/wp-json\/wp\/v2\/media?parent=94"}],"curies":[{"name":"wp","href":"https:\/\/api.w.org\/{rel}","templated":true}]}}