{"id":90,"date":"2020-05-09T14:56:43","date_gmt":"2020-05-09T14:56:43","guid":{"rendered":"https:\/\/www.apaoltenia.ro\/\/?page_id=90"},"modified":"2026-04-09T08:48:48","modified_gmt":"2026-04-09T05:48:48","slug":"audiente","status":"publish","type":"page","link":"https:\/\/www.apaoltenia.ro\/index.php\/informatii-utile\/audiente\/","title":{"rendered":"Audien\u021be"},"content":{"rendered":"<p><strong>PROGRAMUL DE AUDIEN\u021aE<\/strong><\/p>\n<p>PENTRU UTILIZATORII SERVICIULUI DE ALIMENTARE CU AP\u0102 \u0218I DE CANALIZARE,<br \/>\nASIGURAT DE S.C. COMPANIA DE AP\u0102 OLTENIA S.A., ESTE URM\u0102TORUL:<\/p>\n<table border=\"1\" cellpadding=\"0\">\n<tbody>\n<tr>\n<td><\/td>\n<td><\/td>\n<td>\n<p align=\"center\">\n<\/td>\n<td><\/td>\n<\/tr>\n<p><!--\n\n\n<tr>\n\n\n<td><strong>Director General<\/strong><\/td>\n\n\n\n\n<td>av. Alin \u0218uiu<\/td>\n\n\n\n\n<td>\n\n\n<p align=\"center\">Miercuri<\/p>\n\n\n<\/td>\n\n\n\n\n<td>ora 09:00<\/td>\n\n\n<\/tr>\n\n\n--><\/p>\n<tr>\n<td><strong>Director Tehnic<\/strong><\/td>\n<td>ing. Lucian Lungu<\/td>\n<td>\n<p align=\"center\">Joi<\/p>\n<\/td>\n<td>ora 09:00<\/td>\n<\/tr>\n<tr>\n<td><strong>Director Economic<\/strong><\/td>\n<td>ec. Anca B\u0103l\u0103ceanu<\/td>\n<td>\n<p align=\"center\">Joi<\/p>\n<\/td>\n<td>ora 10:30<\/td>\n<\/tr>\n<\/tbody>\n<\/table>\n<p>\u00censcrierea \u00een vederea acord\u0103rii audien\u021bei se face la sediul Companiei &#8211; Serviciul Rela\u021bii Publice, prin\u00a0 telefon, la nr.\u00a0 0251422117, interior 171 \/ 172 sau la adresa de email relatiipublicecao@apaoltenia.ro, cu cel pu\u021bin 24 de ore \u00eenainte.<br \/>\n<!--\n\n\n<ul>\n<strong>\n\n\n\n<p style=\"color:blue;\">\nNOT\u0102: Audien\u021bele, suspendate ca m\u0103sur\u0103 de prevenire a r\u0103sp\u00e2ndirii infect\u0103rii cu COVID-19, se vor relua la o dat\u0103 care va fi comunicat\u0103 pe site-ul Companiei \u0219i pe pagina de Facebook.\n\n<\/strong><strong><\/strong><strong><\/strong><strong><\/strong><strong><\/strong><strong><\/strong><\/ul>\n\n\n\n\n<ul>\n<strong>\n\n<\/strong><strong><\/strong><strong><\/strong><strong><\/strong><strong><\/strong>\n\n\n\n<p style=\"color:blue;\"><strong>\nNOT\u0102: Orice peti\u021bie, sesizare sau reclama\u021bie se poate transmite prin celelalte mijloace de comunicare, respectiv email, fax sau telefonic.<\/strong><\/ul>\n\n\n--><\/p>\n","protected":false},"excerpt":{"rendered":"<p>PROGRAMUL DE AUDIEN\u021aE PENTRU UTILIZATORII SERVICIULUI DE ALIMENTARE CU AP\u0102 \u0218I DE CANALIZARE, ASIGURAT DE S.C. COMPANIA DE AP\u0102 OLTENIA S.A., ESTE URM\u0102TORUL: Director Tehnic ing. Lucian Lungu Joi ora 09:00 Director Economic ec. Anca B\u0103l\u0103ceanu Joi ora 10:30 \u00censcrierea \u00een vederea acord\u0103rii audien\u021bei se face la sediul Companiei &#8211; Serviciul Rela\u021bii Publice, prin\u00a0 telefon, &hellip;<\/p>\n<p class=\"read-more\"> <a class=\"\" href=\"https:\/\/www.apaoltenia.ro\/index.php\/informatii-utile\/audiente\/\"> <span class=\"screen-reader-text\">Audien\u021be<\/span> Read More &raquo;<\/a><\/p>\n","protected":false},"author":1,"featured_media":0,"parent":82,"menu_order":2,"comment_status":"closed","ping_status":"closed","template":"","meta":[],"_links":{"self":[{"href":"https:\/\/www.apaoltenia.ro\/index.php\/wp-json\/wp\/v2\/pages\/90"}],"collection":[{"href":"https:\/\/www.apaoltenia.ro\/index.php\/wp-json\/wp\/v2\/pages"}],"about":[{"href":"https:\/\/www.apaoltenia.ro\/index.php\/wp-json\/wp\/v2\/types\/page"}],"author":[{"embeddable":true,"href":"https:\/\/www.apaoltenia.ro\/index.php\/wp-json\/wp\/v2\/users\/1"}],"replies":[{"embeddable":true,"href":"https:\/\/www.apaoltenia.ro\/index.php\/wp-json\/wp\/v2\/comments?post=90"}],"version-history":[{"count":17,"href":"https:\/\/www.apaoltenia.ro\/index.php\/wp-json\/wp\/v2\/pages\/90\/revisions"}],"predecessor-version":[{"id":13109,"href":"https:\/\/www.apaoltenia.ro\/index.php\/wp-json\/wp\/v2\/pages\/90\/revisions\/13109"}],"up":[{"embeddable":true,"href":"https:\/\/www.apaoltenia.ro\/index.php\/wp-json\/wp\/v2\/pages\/82"}],"wp:attachment":[{"href":"https:\/\/www.apaoltenia.ro\/index.php\/wp-json\/wp\/v2\/media?parent=90"}],"curies":[{"name":"wp","href":"https:\/\/api.w.org\/{rel}","templated":true}]}}