{"id":825,"date":"2021-05-13T08:15:46","date_gmt":"2021-05-13T08:15:46","guid":{"rendered":"https:\/\/www.apaoltenia.ro\/\/?page_id=825"},"modified":"2024-05-15T13:48:20","modified_gmt":"2024-05-15T10:48:20","slug":"convocari-a-g-a-2021","status":"publish","type":"page","link":"https:\/\/www.apaoltenia.ro\/index.php\/companie\/convocari-a-g-a\/convocari-a-g-a-2021\/","title":{"rendered":"Convoc\u0103ri A.G.A."},"content":{"rendered":"<p><b>Convoc\u0103ri A.G.A. 2024<\/b><\/p>\n<p><img decoding=\"async\" src=\"\/wp-content\/uploads\/2011\/11\/adobe-acrobat-reader.png\" alt=\"\"> <a href=\"https:\/\/www.apaoltenia.ro\/wp-content\/uploads\/2024\/02\/convocare-AGA-1.2024.pdf\">Convocare A.G.A. nr. 1<\/a><br \/>\n<img decoding=\"async\" src=\"\/wp-content\/uploads\/2011\/11\/adobe-acrobat-reader.png\" alt=\"\"> <a href=\"https:\/\/www.apaoltenia.ro\/wp-content\/uploads\/2024\/05\/Conv.-CA-15.04.2024.pdf\">Convocare A.G.A. nr. 2<\/a><br \/>\n<img decoding=\"async\" src=\"\/wp-content\/uploads\/2011\/11\/adobe-acrobat-reader.png\" alt=\"\"> <a href=\"https:\/\/www.apaoltenia.ro\/wp-content\/uploads\/2024\/05\/Conv.-CA-14.05.2024.pdf\">Convocare A.G.A. nr. 3<\/a><\/p>\n<p><b>Convoc\u0103ri A.G.A. 2023<\/b><\/p>\n<p><img decoding=\"async\" src=\"\/wp-content\/uploads\/2011\/11\/adobe-acrobat-reader.png\" alt=\"\"> <a href=\"https:\/\/www.apaoltenia.ro\/wp-content\/uploads\/2023\/05\/convocare-AGA-2023.pdf\">Convocare A.G.A. 04.04.2023<\/a><\/p>\n<p><b>Convoc\u0103ri A.G.A. 2022<\/b><\/p>\n<p><img decoding=\"async\" src=\"\/wp-content\/uploads\/2011\/11\/adobe-acrobat-reader.png\" alt=\"\"> <a href=\"https:\/\/www.apaoltenia.ro\/wp-content\/uploads\/2024\/02\/Convocare-AGA-nr-1.2022.pdf\">Convocare A.G.A. nr. 1<\/a><br \/>\n<img decoding=\"async\" src=\"\/wp-content\/uploads\/2011\/11\/adobe-acrobat-reader.png\" alt=\"\"> <a href=\"https:\/\/www.apaoltenia.ro\/wp-content\/uploads\/2024\/02\/Convocare-AGA-nr-2.2022.pdf\">Convocare A.G.A. nr. 2<\/a><br \/>\n<img decoding=\"async\" src=\"\/wp-content\/uploads\/2011\/11\/adobe-acrobat-reader.png\" alt=\"\"> <a href=\"https:\/\/www.apaoltenia.ro\/wp-content\/uploads\/2024\/02\/Convocare-AGA-nr-3.2022.pdf\">Convocare A.G.A. nr. 3<\/a><br \/>\n<img decoding=\"async\" src=\"\/wp-content\/uploads\/2011\/11\/adobe-acrobat-reader.png\" alt=\"\"> <a href=\"https:\/\/www.apaoltenia.ro\/wp-content\/uploads\/2024\/02\/Convocare-AGA-nr-5.2022.pdf\">Convocare A.G.A. nr. 5<\/a><\/p>\n<p><b>Convoc\u0103ri A.G.A. 2021<\/b><\/p>\n<p><img decoding=\"async\" src=\"\/wp-content\/uploads\/2011\/11\/adobe-acrobat-reader.png\" alt=\"\"> <a href=\"https:\/\/www.apaoltenia.ro\/wp-content\/uploads\/2021\/07\/Convocare-AGA-12.04.2021.pdf\">Convocare A.G.A. 12.04.2021<\/a><br \/>\n<img decoding=\"async\" src=\"\/wp-content\/uploads\/2011\/11\/adobe-acrobat-reader.png\" alt=\"\"> <a href=\"https:\/\/www.apaoltenia.ro\/wp-content\/uploads\/2021\/07\/Convocare-AGA-10.05.2021.pdf\">Convocare A.G.A. 10.05.2021<\/a><br \/>\n<img decoding=\"async\" src=\"\/wp-content\/uploads\/2011\/11\/adobe-acrobat-reader.png\" alt=\"\"> <a href=\"https:\/\/www.apaoltenia.ro\/wp-content\/uploads\/2021\/07\/Convocare-AGA-07.06.2021.pdf\">Convocare A.G.A. 07.06.2021<\/a><br \/>\n<img decoding=\"async\" src=\"\/wp-content\/uploads\/2011\/11\/adobe-acrobat-reader.png\" alt=\"\"> <a href=\"https:\/\/www.apaoltenia.ro\/wp-content\/uploads\/2021\/07\/Convocare-AGA-06.07.2021.pdf\">Convocare A.G.A. 06.07.2021<\/a><br \/>\n<img decoding=\"async\" src=\"\/wp-content\/uploads\/2011\/11\/adobe-acrobat-reader.png\" alt=\"\"> <a href=\"https:\/\/www.apaoltenia.ro\/wp-content\/uploads\/2022\/03\/convocare-AGA-07.10.2021.pdf\">Convocare A.G.A. 07.10.2021<\/a><br \/>\n<img decoding=\"async\" src=\"\/wp-content\/uploads\/2011\/11\/adobe-acrobat-reader.png\" alt=\"\"> <a href=\"https:\/\/www.apaoltenia.ro\/wp-content\/uploads\/2022\/03\/convocare-AGA-26.11.2021.pdf\">Convocare A.G.A. 26.11.2021<\/a><\/p>\n<p><b>Convoc\u0103ri A.G.A. 2020<\/b><\/p>\n<p><img decoding=\"async\" src=\"\/wp-content\/uploads\/2011\/11\/adobe-acrobat-reader.png\" alt=\"\"> <a href=\"https:\/\/www.apaoltenia.ro\/wp-content\/uploads\/2021\/07\/Convocare-AGA-31.03.2020.pdf\">Convocare A.G.A. 31.03.2020<\/a><br \/>\n<img decoding=\"async\" src=\"\/wp-content\/uploads\/2011\/11\/adobe-acrobat-reader.png\" alt=\"\"> <a href=\"https:\/\/www.apaoltenia.ro\/wp-content\/uploads\/2021\/07\/Convocare-AGA-11.05.2020.pdf\">Convocare A.G.A. 11.05.2020<\/a><br \/>\n<img decoding=\"async\" src=\"\/wp-content\/uploads\/2011\/11\/adobe-acrobat-reader.png\" alt=\"\"> <a href=\"https:\/\/www.apaoltenia.ro\/wp-content\/uploads\/2021\/07\/Convocare-AGA-04.08.2020.pdf\">Convocare A.G.A. 04.08.2020<\/a><\/p>\n","protected":false},"excerpt":{"rendered":"<p>Convoc\u0103ri A.G.A. 2024 Convocare A.G.A. nr. 1 Convocare A.G.A. nr. 2 Convocare A.G.A. nr. 3 Convoc\u0103ri A.G.A. 2023 Convocare A.G.A. 04.04.2023 Convoc\u0103ri A.G.A. 2022 Convocare A.G.A. nr. 1 Convocare A.G.A. nr. 2 Convocare A.G.A. nr. 3 Convocare A.G.A. nr. 5 Convoc\u0103ri A.G.A. 2021 Convocare A.G.A. 12.04.2021 Convocare A.G.A. 10.05.2021 Convocare A.G.A. 07.06.2021 Convocare A.G.A. 06.07.2021 &hellip;<\/p>\n<p class=\"read-more\"> <a class=\"\" href=\"https:\/\/www.apaoltenia.ro\/index.php\/companie\/convocari-a-g-a\/convocari-a-g-a-2021\/\"> <span class=\"screen-reader-text\">Convoc\u0103ri A.G.A.<\/span> Read More &raquo;<\/a><\/p>\n","protected":false},"author":2,"featured_media":0,"parent":821,"menu_order":1,"comment_status":"closed","ping_status":"closed","template":"","meta":[],"_links":{"self":[{"href":"https:\/\/www.apaoltenia.ro\/index.php\/wp-json\/wp\/v2\/pages\/825"}],"collection":[{"href":"https:\/\/www.apaoltenia.ro\/index.php\/wp-json\/wp\/v2\/pages"}],"about":[{"href":"https:\/\/www.apaoltenia.ro\/index.php\/wp-json\/wp\/v2\/types\/page"}],"author":[{"embeddable":true,"href":"https:\/\/www.apaoltenia.ro\/index.php\/wp-json\/wp\/v2\/users\/2"}],"replies":[{"embeddable":true,"href":"https:\/\/www.apaoltenia.ro\/index.php\/wp-json\/wp\/v2\/comments?post=825"}],"version-history":[{"count":13,"href":"https:\/\/www.apaoltenia.ro\/index.php\/wp-json\/wp\/v2\/pages\/825\/revisions"}],"predecessor-version":[{"id":8940,"href":"https:\/\/www.apaoltenia.ro\/index.php\/wp-json\/wp\/v2\/pages\/825\/revisions\/8940"}],"up":[{"embeddable":true,"href":"https:\/\/www.apaoltenia.ro\/index.php\/wp-json\/wp\/v2\/pages\/821"}],"wp:attachment":[{"href":"https:\/\/www.apaoltenia.ro\/index.php\/wp-json\/wp\/v2\/media?parent=825"}],"curies":[{"name":"wp","href":"https:\/\/api.w.org\/{rel}","templated":true}]}}