{"id":821,"date":"2021-05-13T08:09:17","date_gmt":"2021-05-13T08:09:17","guid":{"rendered":"https:\/\/www.apaoltenia.ro\/\/?page_id=821"},"modified":"2021-06-08T10:17:54","modified_gmt":"2021-06-08T10:17:54","slug":"convocari-a-g-a","status":"publish","type":"page","link":"https:\/\/www.apaoltenia.ro\/index.php\/companie\/convocari-a-g-a\/","title":{"rendered":"A.G.A."},"content":{"rendered":"<p><a href=\"https:\/\/www.apaoltenia.ro\/index.php\/companie\/convocari-a-g-a\/convocari-a-g-a-2021\/\">Convoc\u0103ri A.G.A.<\/a><\/p>\n<p><a href=\"https:\/\/www.apaoltenia.ro\/index.php\/companie\/convocari-a-g-a\/hotarari-a-g-a\/\">Hot\u0103r\u00e2ri A.G.A.<\/a><\/p>\n","protected":false},"excerpt":{"rendered":"<p>Convoc\u0103ri A.G.A. Hot\u0103r\u00e2ri A.G.A.<\/p>\n","protected":false},"author":2,"featured_media":0,"parent":30,"menu_order":9,"comment_status":"closed","ping_status":"closed","template":"","meta":[],"_links":{"self":[{"href":"https:\/\/www.apaoltenia.ro\/index.php\/wp-json\/wp\/v2\/pages\/821"}],"collection":[{"href":"https:\/\/www.apaoltenia.ro\/index.php\/wp-json\/wp\/v2\/pages"}],"about":[{"href":"https:\/\/www.apaoltenia.ro\/index.php\/wp-json\/wp\/v2\/types\/page"}],"author":[{"embeddable":true,"href":"https:\/\/www.apaoltenia.ro\/index.php\/wp-json\/wp\/v2\/users\/2"}],"replies":[{"embeddable":true,"href":"https:\/\/www.apaoltenia.ro\/index.php\/wp-json\/wp\/v2\/comments?post=821"}],"version-history":[{"count":6,"href":"https:\/\/www.apaoltenia.ro\/index.php\/wp-json\/wp\/v2\/pages\/821\/revisions"}],"predecessor-version":[{"id":1027,"href":"https:\/\/www.apaoltenia.ro\/index.php\/wp-json\/wp\/v2\/pages\/821\/revisions\/1027"}],"up":[{"embeddable":true,"href":"https:\/\/www.apaoltenia.ro\/index.php\/wp-json\/wp\/v2\/pages\/30"}],"wp:attachment":[{"href":"https:\/\/www.apaoltenia.ro\/index.php\/wp-json\/wp\/v2\/media?parent=821"}],"curies":[{"name":"wp","href":"https:\/\/api.w.org\/{rel}","templated":true}]}}