{"id":82,"date":"2020-05-09T14:55:59","date_gmt":"2020-05-09T14:55:59","guid":{"rendered":"https:\/\/www.apaoltenia.ro\/\/?page_id=82"},"modified":"2020-08-04T11:49:54","modified_gmt":"2020-08-04T11:49:54","slug":"informatii-utile","status":"publish","type":"page","link":"https:\/\/www.apaoltenia.ro\/index.php\/informatii-utile\/","title":{"rendered":"INFORMA\u021aII UTILE"},"content":{"rendered":"\n<div class=\"ls_container\"><h3 class=\"widget_title\">Pages<\/h3><ul class=\"ls_page_list\"><li><a href=\"https:\/\/www.apaoltenia.ro\/\/?page_id=86\">Tarife \u0219i servicii<\/a><\/li><li><a href=\"https:\/\/www.apaoltenia.ro\/\/?page_id=90\">Audien\u021be<\/a><\/li><li><a href=\"https:\/\/www.apaoltenia.ro\/\/?page_id=94\">Acte utile<\/a><\/li><li><a href=\"https:\/\/www.apaoltenia.ro\/\/?page_id=98\">Bran\u0219\u0103ri \u0219i racord\u0103ri<\/a><\/li><li><a href=\"https:\/\/www.apaoltenia.ro\/\/?page_id=102\">Avize tehnice<\/a><\/li><li><a href=\"https:\/\/www.apaoltenia.ro\/\/?page_id=106\">Verific\u0103ri metrologice<\/a><\/li><li><a href=\"https:\/\/www.apaoltenia.ro\/\/?page_id=110\">Analize ap\u0103<\/a><\/li><li><a href=\"https:\/\/www.apaoltenia.ro\/\/?page_id=114\">Parametrii de calitate ai apei distribuite<\/a><\/li><li><a href=\"https:\/\/www.apaoltenia.ro\/\/?page_id=118\">Precipita\u021bii - Comunic\u0103ri ANM<\/a><\/li><li><a href=\"https:\/\/www.apaoltenia.ro\/\/?page_id=122\">F\u00e2nt\u00e2ni publice<\/a><\/li><li><a href=\"https:\/\/www.apaoltenia.ro\/\/?page_id=126\">Unde \u0219i cum pute\u021bi pl\u0103ti<\/a><\/li><li><a href=\"https:\/\/www.apaoltenia.ro\/\/?page_id=130\">Program<\/a><\/li><li><a href=\"https:\/\/www.apaoltenia.ro\/\/?page_id=134\">Anun\u021b\u0103 o avarie<\/a><\/li><li><a href=\"https:\/\/www.apaoltenia.ro\/\/?page_id=711\">Tarife practicate analize ap\u0103<\/a><\/li><li><a href=\"https:\/\/www.apaoltenia.ro\/\/?page_id=799\">Metodologie agreare firme<\/a><\/li><li><a href=\"https:\/\/www.apaoltenia.ro\/?page_id=1850\">Procedur\u0103 de separare a consumurilor \u00een condominii<\/a><\/li><li><a href=\"https:\/\/www.apaoltenia.ro\/?page_id=8376\">GDPR<\/a><\/li><\/ul><\/div>\n","protected":false},"excerpt":{"rendered":"PagesTarife \u0219i serviciiAudien\u021beActe utileBran\u0219\u0103ri \u0219i racord\u0103riAvize tehniceVerific\u0103ri metrologiceAnalize ap\u0103Parametrii de calitate ai apei distribuitePrecipita\u021bii - Comunic\u0103ri ANMF\u00e2nt\u00e2ni publiceUnde \u0219i cum pute\u021bi pl\u0103tiProgramAnun\u021b\u0103 o avarieTarife practicate analize ap\u0103Metodologie agreare firmeProcedur\u0103 de separare a consumurilor \u00een condominiiGDPR","protected":false},"author":1,"featured_media":0,"parent":0,"menu_order":0,"comment_status":"closed","ping_status":"closed","template":"","meta":[],"_links":{"self":[{"href":"https:\/\/www.apaoltenia.ro\/index.php\/wp-json\/wp\/v2\/pages\/82"}],"collection":[{"href":"https:\/\/www.apaoltenia.ro\/index.php\/wp-json\/wp\/v2\/pages"}],"about":[{"href":"https:\/\/www.apaoltenia.ro\/index.php\/wp-json\/wp\/v2\/types\/page"}],"author":[{"embeddable":true,"href":"https:\/\/www.apaoltenia.ro\/index.php\/wp-json\/wp\/v2\/users\/1"}],"replies":[{"embeddable":true,"href":"https:\/\/www.apaoltenia.ro\/index.php\/wp-json\/wp\/v2\/comments?post=82"}],"version-history":[{"count":3,"href":"https:\/\/www.apaoltenia.ro\/index.php\/wp-json\/wp\/v2\/pages\/82\/revisions"}],"predecessor-version":[{"id":699,"href":"https:\/\/www.apaoltenia.ro\/index.php\/wp-json\/wp\/v2\/pages\/82\/revisions\/699"}],"wp:attachment":[{"href":"https:\/\/www.apaoltenia.ro\/index.php\/wp-json\/wp\/v2\/media?parent=82"}],"curies":[{"name":"wp","href":"https:\/\/api.w.org\/{rel}","templated":true}]}}