{"id":7882,"date":"2024-01-10T09:58:39","date_gmt":"2024-01-10T07:58:39","guid":{"rendered":"https:\/\/www.apaoltenia.ro\/?page_id=7882"},"modified":"2025-04-08T14:45:07","modified_gmt":"2025-04-08T11:45:07","slug":"consiliul-de-administratie-2024","status":"publish","type":"page","link":"https:\/\/www.apaoltenia.ro\/index.php\/companie\/hotarari\/consiliul-de-administratie-2024\/","title":{"rendered":"Consiliul de Administra\u021bie 2024"},"content":{"rendered":"<p><img decoding=\"async\" src=\"\/wp-content\/uploads\/2011\/11\/adobe-acrobat-reader.png\" alt=\"\"><a href=\"https:\/\/www.apaoltenia.ro\/wp-content\/uploads\/2024\/01\/Hotararea-1.pdf\">HOT\u0102R\u00c2REA C.A. NR. 1<\/a><br \/>\n<img decoding=\"async\" src=\"\/wp-content\/uploads\/2011\/11\/adobe-acrobat-reader.png\" alt=\"\"><a href=\"https:\/\/www.apaoltenia.ro\/wp-content\/uploads\/2024\/02\/hotararea-2-din-07.02.2024.pdf\">HOT\u0102R\u00c2REA C.A. NR. 2<\/a><br \/>\n<img decoding=\"async\" src=\"\/wp-content\/uploads\/2011\/11\/adobe-acrobat-reader.png\" alt=\"\"><a href=\"https:\/\/www.apaoltenia.ro\/wp-content\/uploads\/2024\/02\/hotararea-3-din-20.02.2024.pdf\">HOT\u0102R\u00c2REA C.A. NR. 3<\/a><br \/>\n<img decoding=\"async\" src=\"\/wp-content\/uploads\/2011\/11\/adobe-acrobat-reader.png\" alt=\"\"><a href=\"https:\/\/www.apaoltenia.ro\/wp-content\/uploads\/2024\/02\/hotararea-4-din-20.02.2024.pdf\">HOT\u0102R\u00c2REA C.A. NR. 4<\/a><br \/>\n<img decoding=\"async\" src=\"\/wp-content\/uploads\/2011\/11\/adobe-acrobat-reader.png\" alt=\"\"><a href=\"https:\/\/www.apaoltenia.ro\/wp-content\/uploads\/2024\/03\/hot-5-CA-05.03.2024.pdf\">HOT\u0102R\u00c2REA C.A. NR. 5<\/a><br \/>\n<img decoding=\"async\" src=\"\/wp-content\/uploads\/2011\/11\/adobe-acrobat-reader.png\" alt=\"\"><a href=\"https:\/\/www.apaoltenia.ro\/wp-content\/uploads\/2024\/03\/hot-6-CA-19.03.2024.pdf\">HOT\u0102R\u00c2REA C.A. NR. 6<\/a><br \/>\n<img decoding=\"async\" src=\"\/wp-content\/uploads\/2011\/11\/adobe-acrobat-reader.png\" alt=\"\"><a href=\"https:\/\/www.apaoltenia.ro\/wp-content\/uploads\/2024\/04\/hotararea-CA-7-din-5-aprilie-2024.pdf\">HOT\u0102R\u00c2REA C.A. NR. 7<\/a><br \/>\n<img decoding=\"async\" src=\"\/wp-content\/uploads\/2011\/11\/adobe-acrobat-reader.png\" alt=\"\"><a href=\"https:\/\/www.apaoltenia.ro\/wp-content\/uploads\/2024\/04\/hotararea-CA-8-din-15-aprilie-2024.pdf\">HOT\u0102R\u00c2REA C.A. NR. 8<\/a><br \/>\n<img decoding=\"async\" src=\"\/wp-content\/uploads\/2011\/11\/adobe-acrobat-reader.png\" alt=\"\"><a href=\"https:\/\/www.apaoltenia.ro\/wp-content\/uploads\/2024\/05\/Hot.-CA-9.pdf\">HOT\u0102R\u00c2REA C.A. NR. 9<\/a><br \/>\n<img decoding=\"async\" src=\"\/wp-content\/uploads\/2011\/11\/adobe-acrobat-reader.png\" alt=\"\"><a href=\"https:\/\/www.apaoltenia.ro\/wp-content\/uploads\/2024\/09\/hotararea-CA-10-din-10-iunie-2024.pdf\">HOT\u0102R\u00c2REA C.A. NR. 10<\/a><br \/>\n<img decoding=\"async\" src=\"\/wp-content\/uploads\/2011\/11\/adobe-acrobat-reader.png\" alt=\"\"><a href=\"https:\/\/www.apaoltenia.ro\/wp-content\/uploads\/2024\/09\/hotararea-CA-11-din-03-iulie-2024.pdf\">HOT\u0102R\u00c2REA C.A. NR. 11<\/a><br \/>\n<img decoding=\"async\" src=\"\/wp-content\/uploads\/2011\/11\/adobe-acrobat-reader.png\" alt=\"\"><a href=\"https:\/\/www.apaoltenia.ro\/wp-content\/uploads\/2024\/09\/hotararea-CA-12-din-16-iulie-2024.pdf\">HOT\u0102R\u00c2REA C.A. NR. 12<\/a><br \/>\n<img decoding=\"async\" src=\"\/wp-content\/uploads\/2011\/11\/adobe-acrobat-reader.png\" alt=\"\"><a href=\"https:\/\/www.apaoltenia.ro\/wp-content\/uploads\/2024\/09\/hotararea-CA-13-din-08-august-2024.pdf\">HOT\u0102R\u00c2REA C.A. NR. 13<\/a><br \/>\n<img decoding=\"async\" src=\"\/wp-content\/uploads\/2011\/11\/adobe-acrobat-reader.png\" alt=\"\"><a href=\"https:\/\/www.apaoltenia.ro\/wp-content\/uploads\/2024\/09\/Hotararea-CA-14-din-21-august-2024.pdf\">HOT\u0102R\u00c2REA C.A. NR. 14<\/a><br \/>\n<img decoding=\"async\" src=\"\/wp-content\/uploads\/2011\/11\/adobe-acrobat-reader.png\" alt=\"\"><a href=\"https:\/\/www.apaoltenia.ro\/wp-content\/uploads\/2024\/09\/Hotararea-CA-15-din-05-septembrie-2024.pdf\">HOT\u0102R\u00c2REA C.A. NR. 15<\/a><br \/>\n<img decoding=\"async\" src=\"\/wp-content\/uploads\/2011\/11\/adobe-acrobat-reader.png\" alt=\"\"><a href=\"https:\/\/www.apaoltenia.ro\/wp-content\/uploads\/2024\/09\/Hotararea-CA-16-din-23-septembrie-2024.pdf\">HOT\u0102R\u00c2REA C.A. NR. 16<\/a><br \/>\n<img decoding=\"async\" src=\"\/wp-content\/uploads\/2011\/11\/adobe-acrobat-reader.png\" alt=\"\"><a href=\"https:\/\/www.apaoltenia.ro\/wp-content\/uploads\/2024\/09\/Hotararea-CA-17-din-23-septembrie-2024.pdf\">HOT\u0102R\u00c2REA C.A. NR. 17<\/a><br \/>\n<img decoding=\"async\" src=\"\/wp-content\/uploads\/2011\/11\/adobe-acrobat-reader.png\" alt=\"\"><a href=\"https:\/\/www.apaoltenia.ro\/wp-content\/uploads\/2024\/10\/hot18.pdf\">HOT\u0102R\u00c2REA C.A. NR. 18<\/a><br \/>\n<img decoding=\"async\" src=\"\/wp-content\/uploads\/2011\/11\/adobe-acrobat-reader.png\" alt=\"\"><a href=\"https:\/\/www.apaoltenia.ro\/wp-content\/uploads\/2024\/10\/hot19.pdf\">HOT\u0102R\u00c2REA C.A. NR. 19<\/a><br \/>\n<img decoding=\"async\" src=\"\/wp-content\/uploads\/2011\/11\/adobe-acrobat-reader.png\" alt=\"\"><a href=\"https:\/\/www.apaoltenia.ro\/wp-content\/uploads\/2024\/10\/hot-20.pdf\">HOT\u0102R\u00c2REA C.A. NR. 20<\/a><br \/>\n<img decoding=\"async\" src=\"\/wp-content\/uploads\/2011\/11\/adobe-acrobat-reader.png\" alt=\"\"><a href=\"https:\/\/www.apaoltenia.ro\/wp-content\/uploads\/2024\/11\/hot.CA-21.pdf\">HOT\u0102R\u00c2REA C.A. NR. 21<\/a><br \/>\n<img decoding=\"async\" src=\"\/wp-content\/uploads\/2011\/11\/adobe-acrobat-reader.png\" alt=\"\"><a href=\"https:\/\/www.apaoltenia.ro\/wp-content\/uploads\/2025\/04\/hot-CA-22.pdf\">HOT\u0102R\u00c2REA C.A. NR. 22<\/a><br \/>\n<img decoding=\"async\" src=\"\/wp-content\/uploads\/2011\/11\/adobe-acrobat-reader.png\" alt=\"\"><a href=\"https:\/\/www.apaoltenia.ro\/wp-content\/uploads\/2025\/04\/hot-CA-23.pdf\">HOT\u0102R\u00c2REA C.A. NR. 23<\/a><br \/>\n<img decoding=\"async\" src=\"\/wp-content\/uploads\/2011\/11\/adobe-acrobat-reader.png\" alt=\"\"><a href=\"https:\/\/www.apaoltenia.ro\/wp-content\/uploads\/2025\/04\/hot-CA-24.pdf\">HOT\u0102R\u00c2REA C.A. NR. 24<\/a><br \/>\n<img decoding=\"async\" src=\"\/wp-content\/uploads\/2011\/11\/adobe-acrobat-reader.png\" alt=\"\"><a href=\"https:\/\/www.apaoltenia.ro\/wp-content\/uploads\/2025\/04\/hot-CA-25.pdf\">HOT\u0102R\u00c2REA C.A. NR. 25<\/a><\/p>\n","protected":false},"excerpt":{"rendered":"<p>HOT\u0102R\u00c2REA C.A. NR. 1 HOT\u0102R\u00c2REA C.A. NR. 2 HOT\u0102R\u00c2REA C.A. NR. 3 HOT\u0102R\u00c2REA C.A. NR. 4 HOT\u0102R\u00c2REA C.A. NR. 5 HOT\u0102R\u00c2REA C.A. NR. 6 HOT\u0102R\u00c2REA C.A. NR. 7 HOT\u0102R\u00c2REA C.A. NR. 8 HOT\u0102R\u00c2REA C.A. NR. 9 HOT\u0102R\u00c2REA C.A. NR. 10 HOT\u0102R\u00c2REA C.A. NR. 11 HOT\u0102R\u00c2REA C.A. NR. 12 HOT\u0102R\u00c2REA C.A. NR. 13 HOT\u0102R\u00c2REA C.A. NR. &hellip;<\/p>\n<p class=\"read-more\"> <a class=\"\" href=\"https:\/\/www.apaoltenia.ro\/index.php\/companie\/hotarari\/consiliul-de-administratie-2024\/\"> <span class=\"screen-reader-text\">Consiliul de Administra\u021bie 2024<\/span> Read More &raquo;<\/a><\/p>\n","protected":false},"author":3,"featured_media":0,"parent":636,"menu_order":6,"comment_status":"closed","ping_status":"closed","template":"","meta":[],"_links":{"self":[{"href":"https:\/\/www.apaoltenia.ro\/index.php\/wp-json\/wp\/v2\/pages\/7882"}],"collection":[{"href":"https:\/\/www.apaoltenia.ro\/index.php\/wp-json\/wp\/v2\/pages"}],"about":[{"href":"https:\/\/www.apaoltenia.ro\/index.php\/wp-json\/wp\/v2\/types\/page"}],"author":[{"embeddable":true,"href":"https:\/\/www.apaoltenia.ro\/index.php\/wp-json\/wp\/v2\/users\/3"}],"replies":[{"embeddable":true,"href":"https:\/\/www.apaoltenia.ro\/index.php\/wp-json\/wp\/v2\/comments?post=7882"}],"version-history":[{"count":12,"href":"https:\/\/www.apaoltenia.ro\/index.php\/wp-json\/wp\/v2\/pages\/7882\/revisions"}],"predecessor-version":[{"id":11129,"href":"https:\/\/www.apaoltenia.ro\/index.php\/wp-json\/wp\/v2\/pages\/7882\/revisions\/11129"}],"up":[{"embeddable":true,"href":"https:\/\/www.apaoltenia.ro\/index.php\/wp-json\/wp\/v2\/pages\/636"}],"wp:attachment":[{"href":"https:\/\/www.apaoltenia.ro\/index.php\/wp-json\/wp\/v2\/media?parent=7882"}],"curies":[{"name":"wp","href":"https:\/\/api.w.org\/{rel}","templated":true}]}}