{"id":7653,"date":"2023-12-06T19:53:49","date_gmt":"2023-12-06T17:53:49","guid":{"rendered":"https:\/\/www.apaoltenia.ro\/?page_id=7653"},"modified":"2024-03-18T11:39:20","modified_gmt":"2024-03-18T09:39:20","slug":"energy","status":"publish","type":"page","link":"https:\/\/www.apaoltenia.ro\/index.php\/energy\/","title":{"rendered":"Energy"},"content":{"rendered":"<p>\n <b align=\"center\">\u201eSta\u021bie de Epurare Energie Zero din Municipiul Craiova &#8211; ZEP<\/b><br \/>\nProiectul 2021\/325457<br \/>\nTitlul proiectului: Sta\u021bie de Epurare Energie Zero din Municipiul Craiova &#8211; ZEP<br \/>\nCraiova ( Zero Energy Waste Water Treatment Plant in Craiova Municipality \u2013ZEP<br \/>\nCraiova)<br \/>\nDenumirea programului: Programul pentru Energie \u00een Rom\u00e2nia<br \/>\nMecanismul Financiar Norvegian 2014\u20102021<br \/>\nApel 3.1 \u2018Capacitate sporit\u0103 de furnizare a energiei regenerabile\u2019<br \/>\nAlte Surse Regenerabile de Energie (SRE)<br \/>\nDomeniu de interes: Energie regenerabil\u0103<br \/>\nOperator de Fond pentru Program : Innovation Norway<br \/>\nBeneficiar :SC COMPANIA DE APA SA<br \/>\nBuget total eligibil propus: 616.820 EUR<br \/>\nValoarea grant 85% Innovation Norway: 524.297 EUR<br \/>\nFinantare propie 15% CAO : 92.523 EUR<br \/>\nSursa de finan\u021bare grant: Norway Grants 2014-2021 administrate de Innovation Norway<br \/>\nActivitati bugetate:<br \/>\nActivitatea 1 \u2013 Proiectare \u0219i investi\u021bii de proiect &#8211; Infiin\u021barea unei centrale fotovoltaice,<br \/>\ninclusiv instruirea operatorilor fotovoltaici,<br \/>\nActivitatea 2. Management intern de proiect, audit financiar<br \/>\nActivitatea 3. Activit\u0103\u021bi de diseminare \u0219i publicitate,<\/p>\n<p>Scopul proiectului: Realizarea unei centrale fotovoltaice cu sistem de panouri<br \/>\nfotovoltaice la sol, in cadrul Statiei de epurare F\u0103c\u0103i, acoperind par\u021bial baza proprie de<br \/>\nconsum de energie electric\u0103.<br \/>\nAstfel, vor fi instalate un total de 642 de panouri fotovoltaice monocristaline cu o putere<br \/>\ntotal\u0103 instalat\u0103. de aproximativ 350 kWp.<br \/>\nPanourile vor fi montate pe o structura metalica mobila cu o singura axa (N-S).<br \/>\nS-a ales un panou bifacial de 545 Wp sau echivalent cu tehnologie semicelul\u0103,<br \/>\nreconfigurarea dimensional\u0103 este posibil pentru orice alt tip de panou.<br \/>\nModulele vor fi instalate la sol, grupate pe r\u00e2nduri \u0219i apoi pot fi conectate la 7 invertoare<br \/>\nde 50 kVA,<br \/>\nPanourile FV vor fi fixate pe suporturi special concepute, care respecta inclinatia<br \/>\nnecesara 0\u2070-60\u2070 pentru structurile mobile, precum si cerintele legate de greutatea<br \/>\nansamblului modulului FV si de sarcinile suplimentare generate de factorii meteorologici<br \/>\n\u2013 vant, zapada, ger.<br \/>\nObiective specifice:<br \/>\nReducerea emisiilor de CO2<br \/>\nReducerea consumului \u0219i a costurilor energiei electrice<br \/>\nData de \u00eenceput a proiectului:septembrie 2022<br \/>\nPerioada de implementare:15 luni (septembrie 2022 &#8211; decembrie 2023)<br \/>\nRezultate estimat:<br \/>\n&#8211; Reduceri anuale estimate ale emisiilor de CO2: 175 tone CO2 echivalent\/an;<br \/>\n&#8211; Energia produs\u0103 din alte surse regenerabile \u00een MWh\/an: 572 MWh\/an;<br \/>\n&#8211; Capacitate instalat\u0103 de producere a energiei electrice (\u00een MW): 0,350 MW;<br \/>\n&#8211; Num\u0103r de instala\u021bii noi de producere a energiei regenerabile: o instala\u021bie<br \/>\nfotovoltaic\u0103 (panouri bifaciale amplasate pe o structur\u0103 metalic\u0103 mobil\u0103 cu o<br \/>\nsingur\u0103 ax\u0103, Nord-Sud);<br \/>\nAceasta economie de energie si costuri reprezinta aprox. 17% din valoarea actuala a<br \/>\nfacturilor platite de companie.<br \/>\nAcoperirea energetica a fost calculata pentru acest proiect fotovoltaic la 18,7% din<br \/>\nconsumul total de energie electrica din Statia de Epurare.\n<\/p>\n<p><a href=\"https:\/\/stiricraiova.ro\/2023\/12\/20\/anunt-statie-de-epurare-energie-zero-in-municipiul-craiova-zep-craiova\/\">\u00cencepere lucr\u0103ri proiect Sta\u021bie de Epurare Energie Zero din Municipiul Craiova &#8211; ZEP Craiova<\/a><\/p>\n<p><b>\u00cencepere lucr\u0103ri<\/b><\/p>\n<p><img decoding=\"async\" loading=\"lazy\" src=\"https:\/\/www.apaoltenia.ro\/wp-content\/uploads\/2024\/03\/1..jpg\" alt=\"\" width=\"200\" height=\"250\" class=\"alignnone size-medium wp-image-8388\" \/> <img decoding=\"async\" loading=\"lazy\" src=\"https:\/\/www.apaoltenia.ro\/wp-content\/uploads\/2024\/03\/3-1.jpeg\" alt=\"\" width=\"200\" height=\"250\" class=\"alignnone size-medium wp-image-8389\" \/> <img decoding=\"async\" loading=\"lazy\" src=\"https:\/\/www.apaoltenia.ro\/wp-content\/uploads\/2024\/03\/4.jpg\" alt=\"\" width=\"200\" height=\"250\" class=\"alignnone size-medium wp-image-8390\" \/> <img decoding=\"async\" loading=\"lazy\" src=\"https:\/\/www.apaoltenia.ro\/wp-content\/uploads\/2024\/03\/5.jpg\" alt=\"\" width=\"200\" height=\"250\" class=\"alignnone size-medium wp-image-8390\" \/> <img decoding=\"async\" loading=\"lazy\" src=\"https:\/\/www.apaoltenia.ro\/wp-content\/uploads\/2024\/03\/6.jpg\" alt=\"\" width=\"200\" height=\"250\" class=\"alignnone size-medium wp-image-8390\" \/> <img decoding=\"async\" loading=\"lazy\" src=\"https:\/\/www.apaoltenia.ro\/wp-content\/uploads\/2024\/03\/7.jpg\" alt=\"\" width=\"200\" height=\"250\" class=\"alignnone size-medium wp-image-8390\" \/> <\/p>\n<p><b>Lucr\u0103ri montare structur\u0103 sus\u021binere<\/b><\/p>\n<p><img decoding=\"async\" loading=\"lazy\" src=\"https:\/\/www.apaoltenia.ro\/wp-content\/uploads\/2024\/03\/1.jpg\" alt=\"\" width=\"200\" height=\"250\" class=\"alignnone size-medium wp-image-8390\" \/> <img decoding=\"async\" loading=\"lazy\" src=\"https:\/\/www.apaoltenia.ro\/wp-content\/uploads\/2024\/03\/3.jpg\" alt=\"\" width=\"200\" height=\"250\" class=\"alignnone size-medium wp-image-8390\" \/> <img decoding=\"async\" loading=\"lazy\" src=\"https:\/\/www.apaoltenia.ro\/wp-content\/uploads\/2024\/03\/4-1.jpg\" alt=\"\" width=\"200\" height=\"250\" class=\"alignnone size-medium wp-image-8390\" \/> <img decoding=\"async\" loading=\"lazy\" src=\"https:\/\/www.apaoltenia.ro\/wp-content\/uploads\/2024\/03\/5-1.jpg\" alt=\"\" width=\"200\" height=\"250\" class=\"alignnone size-medium wp-image-8390\" \/> <img decoding=\"async\" loading=\"lazy\" src=\"https:\/\/www.apaoltenia.ro\/wp-content\/uploads\/2024\/03\/WhatsApp-Image-2024-02-09-at-13.15.04-1.jpeg\" alt=\"\" width=\"200\" height=\"250\" class=\"alignnone size-medium wp-image-8390\" \/> <img decoding=\"async\" loading=\"lazy\" src=\"https:\/\/www.apaoltenia.ro\/wp-content\/uploads\/2024\/03\/WhatsApp-Image-2024-02-09-at-13.15.08.jpeg\" alt=\"\" width=\"200\" height=\"250\" class=\"alignnone size-medium wp-image-8390\" \/> <\/p>\n<p><b>Lucr\u0103ri instala\u021bii electrice (cabluri)<\/b><\/p>\n<p><img decoding=\"async\" loading=\"lazy\" src=\"https:\/\/www.apaoltenia.ro\/wp-content\/uploads\/2024\/03\/1_11.12.jpg\" alt=\"\" width=\"200\" height=\"250\" class=\"alignnone size-medium wp-image-8390\" \/> <img decoding=\"async\" loading=\"lazy\" src=\"https:\/\/www.apaoltenia.ro\/wp-content\/uploads\/2024\/03\/16.01_3.jpg\" alt=\"\" width=\"200\" height=\"250\" class=\"alignnone size-medium wp-image-8390\" \/> <img decoding=\"async\" loading=\"lazy\" src=\"https:\/\/www.apaoltenia.ro\/wp-content\/uploads\/2024\/03\/18.12.jpg\" alt=\"\" width=\"200\" height=\"250\" class=\"alignnone size-medium wp-image-8390\" \/> <img decoding=\"async\" loading=\"lazy\" src=\"https:\/\/www.apaoltenia.ro\/wp-content\/uploads\/2024\/03\/18.12_2.jpg\" alt=\"\" width=\"200\" height=\"250\" class=\"alignnone size-medium wp-image-8390\" \/> <img decoding=\"async\" loading=\"lazy\" src=\"https:\/\/www.apaoltenia.ro\/wp-content\/uploads\/2024\/03\/18.12_3.jpg\" alt=\"\" width=\"200\" height=\"250\" class=\"alignnone size-medium wp-image-8390\" \/> <img decoding=\"async\" loading=\"lazy\" src=\"https:\/\/www.apaoltenia.ro\/wp-content\/uploads\/2024\/03\/18.12_4.jpg\" alt=\"\" width=\"200\" height=\"250\" class=\"alignnone size-medium wp-image-8390\" \/>  <\/p>\n<p><b>Montaj echipamente tehnologice \u0219i punere \u00een func\u021biune<\/b><\/p>\n<p><img decoding=\"async\" loading=\"lazy\" src=\"https:\/\/www.apaoltenia.ro\/wp-content\/uploads\/2024\/03\/8P0A0834-scaled.jpg\" alt=\"\" width=\"200\" height=\"250\" class=\"alignnone size-medium wp-image-8390\" \/> <img decoding=\"async\" loading=\"lazy\" src=\"https:\/\/www.apaoltenia.ro\/wp-content\/uploads\/2024\/03\/8P0A0837-scaled.jpg\" alt=\"\" width=\"200\" height=\"250\" class=\"alignnone size-medium wp-image-8390\" \/> <img decoding=\"async\" loading=\"lazy\" src=\"https:\/\/www.apaoltenia.ro\/wp-content\/uploads\/2024\/03\/8P0A0840-scaled.jpg\" alt=\"\" width=\"200\" height=\"250\" class=\"alignnone size-medium wp-image-8390\" \/> <img decoding=\"async\" loading=\"lazy\" src=\"https:\/\/www.apaoltenia.ro\/wp-content\/uploads\/2024\/03\/DJI_0087-scaled.jpg\" alt=\"\" width=\"200\" height=\"250\" class=\"alignnone size-medium wp-image-8390\" \/> <img decoding=\"async\" loading=\"lazy\" src=\"https:\/\/www.apaoltenia.ro\/wp-content\/uploads\/2024\/03\/DJI_0098-scaled.jpg\" alt=\"\" width=\"200\" height=\"250\" class=\"alignnone size-medium wp-image-8390\" \/> <img decoding=\"async\" loading=\"lazy\" src=\"https:\/\/www.apaoltenia.ro\/wp-content\/uploads\/2024\/03\/DJI_0109-scaled.jpg\" alt=\"\" width=\"200\" height=\"250\" class=\"alignnone size-medium wp-image-8390\" \/><\/p>\n<p><a href=\"https:\/\/stiricraiova.ro\/2024\/02\/14\/anunt-finalizare-proiect-statie-de-epurare-energie-zero-din-municipul-craiova-zep-craiovava\/\">Finalizare lucr\u0103ri proiect Sta\u021bie de Epurare Energie Zero din Municipiul Craiova &#8211; ZEP Craiova<\/a><\/p>\n<p><a href=\"https:\/\/www.apaoltenia.ro\/wp-content\/uploads\/2024\/03\/placa-comemorativa.jpg\"><img decoding=\"async\" loading=\"lazy\" src=\"https:\/\/www.apaoltenia.ro\/wp-content\/uploads\/2024\/03\/placa-comemorativa.jpg\" alt=\"\" width=\"200\" height=\"250\" class=\"alignnone size-medium wp-image-8390\" \/><\/a><\/p>\n<p><a href=\"https:\/\/youtu.be\/QpO9fiyUzAo?si=vn_ByyLM7utR1SLI\"><\/p>\n<p><b>Video testimonial de prezentare a rezultatelor proiectului<\/b><\/p>\n<p><\/a><\/p>\n","protected":false},"excerpt":{"rendered":"<p>\u201eSta\u021bie de Epurare Energie Zero din Municipiul Craiova &#8211; ZEP Proiectul 2021\/325457 Titlul proiectului: Sta\u021bie de Epurare Energie Zero din Municipiul Craiova &#8211; ZEP Craiova ( Zero Energy Waste Water Treatment Plant in Craiova Municipality \u2013ZEP Craiova) Denumirea programului: Programul pentru Energie \u00een Rom\u00e2nia Mecanismul Financiar Norvegian 2014\u20102021 Apel 3.1 \u2018Capacitate sporit\u0103 de furnizare a &hellip;<\/p>\n<p class=\"read-more\"> <a class=\"\" href=\"https:\/\/www.apaoltenia.ro\/index.php\/energy\/\"> <span class=\"screen-reader-text\">Energy<\/span> Read More &raquo;<\/a><\/p>\n","protected":false},"author":1,"featured_media":0,"parent":0,"menu_order":0,"comment_status":"closed","ping_status":"closed","template":"","meta":[],"_links":{"self":[{"href":"https:\/\/www.apaoltenia.ro\/index.php\/wp-json\/wp\/v2\/pages\/7653"}],"collection":[{"href":"https:\/\/www.apaoltenia.ro\/index.php\/wp-json\/wp\/v2\/pages"}],"about":[{"href":"https:\/\/www.apaoltenia.ro\/index.php\/wp-json\/wp\/v2\/types\/page"}],"author":[{"embeddable":true,"href":"https:\/\/www.apaoltenia.ro\/index.php\/wp-json\/wp\/v2\/users\/1"}],"replies":[{"embeddable":true,"href":"https:\/\/www.apaoltenia.ro\/index.php\/wp-json\/wp\/v2\/comments?post=7653"}],"version-history":[{"count":21,"href":"https:\/\/www.apaoltenia.ro\/index.php\/wp-json\/wp\/v2\/pages\/7653\/revisions"}],"predecessor-version":[{"id":8481,"href":"https:\/\/www.apaoltenia.ro\/index.php\/wp-json\/wp\/v2\/pages\/7653\/revisions\/8481"}],"wp:attachment":[{"href":"https:\/\/www.apaoltenia.ro\/index.php\/wp-json\/wp\/v2\/media?parent=7653"}],"curies":[{"name":"wp","href":"https:\/\/api.w.org\/{rel}","templated":true}]}}