{"id":4846,"date":"2022-12-09T09:31:24","date_gmt":"2022-12-09T07:31:24","guid":{"rendered":"https:\/\/www.apaoltenia.ro\/?page_id=4846"},"modified":"2022-12-09T09:34:52","modified_gmt":"2022-12-09T07:34:52","slug":"buletine-noiembrie-2022","status":"publish","type":"page","link":"https:\/\/www.apaoltenia.ro\/index.php\/buletine-noiembrie-2022\/","title":{"rendered":"Buletine noiembrie 2022"},"content":{"rendered":"<p><a href=\"https:\/\/www.apaoltenia.ro\/wp-content\/uploads\/2022\/12\/C.A.O.-buletin-Cismea-Izvorul-Rece-noiembrie-2022.doc\">C.A.O. buletin Ci\u0219mea Izvorul Rece &#8211; noiembrie 2022<\/a><br \/>\n<a href=\"https:\/\/www.apaoltenia.ro\/wp-content\/uploads\/2022\/12\/C.A.O.-buletin-Cresa-Lapus-noiembrie-2022.doc\">C.A.O. buletin Cre\u0219a L\u0103pu\u0219 &#8211; noiembrie 2022<\/a><br \/>\n<a href=\"https:\/\/www.apaoltenia.ro\/wp-content\/uploads\/2022\/12\/C.A.O.-buletin-Dispensar-1-2-Unirii-noiembrie-2022.doc\">C.A.O. buletin Dispensar 1-2 Unirii &#8211; noiembrie 2022<\/a><br \/>\n<a href=\"https:\/\/www.apaoltenia.ro\/wp-content\/uploads\/2022\/12\/C.A.O.-buletin-Dispensar-Catargiu-noiembrie-2022.doc\">C.A.O. buletin Dispensar Catargiu &#8211; noiembrie 2022<\/a><br \/>\n<a href=\"https:\/\/www.apaoltenia.ro\/wp-content\/uploads\/2022\/12\/C.A.O.-buletin-Dispensar-Lapus-noiembrie-2022.doc\">C.A.O. buletin Dispensar L\u0103pu\u0219 &#8211; noiembrie 2022<\/a><br \/>\n<a href=\"https:\/\/www.apaoltenia.ro\/wp-content\/uploads\/2022\/12\/C.A.O.-buletin-Fantana-Facai-noiembrie-2022.doc\">C.A.O. buletin F\u00e2nt\u00e2na F\u0103c\u0103i &#8211; noiembrie 2022<\/a><br \/>\n<a href=\"https:\/\/www.apaoltenia.ro\/wp-content\/uploads\/2022\/12\/C.A.O.-buletin-Fantana-Mures-Caracal-noiembrie-2022.doc\">C.A.O. buletin F\u00e2nt\u00e2na Mure\u0219-Caracal &#8211; noiembrie 2022<\/a><br \/>\n<a href=\"https:\/\/www.apaoltenia.ro\/wp-content\/uploads\/2022\/12\/C.A.O.-buletin-Piata-1-Mai-Sara-noiembrie-2022.doc\">C.A.O. buletin Pia\u021ba 1 Mai (Sara) &#8211; noiembrie 2022<\/a><br \/>\n<a href=\"https:\/\/www.apaoltenia.ro\/wp-content\/uploads\/2022\/12\/C.A.O.-buletin-Piata-23-August-noiembrie-2022.doc\">C.A.O. buletin Pia\u021ba 23 August &#8211; noiembrie 2022<\/a><br \/>\n<a href=\"https:\/\/www.apaoltenia.ro\/wp-content\/uploads\/2022\/12\/C.A.O.-buletin-Piata-Brazda-noiembrie-2022.doc\">C.A.O. buletin Pia\u021ba Brazd\u0103 &#8211; noiembrie 2022<\/a><br \/>\n<a href=\"https:\/\/www.apaoltenia.ro\/wp-content\/uploads\/2022\/12\/C.A.O.-buletin-Piata-Centrala-noiembrie-2022.doc\">C.A.O. buletin Pia\u021ba Central\u0103 &#8211; noiembrie 2022<\/a><br \/>\n<a href=\"https:\/\/www.apaoltenia.ro\/wp-content\/uploads\/2022\/12\/C.A.O.-buletin-Piata-Craiovita-BIG-noiembrie.-2022.doc\">C.A.O. buletin Pia\u021ba Craiovi\u021ba BIG &#8211; noiembrie 2022<\/a><br \/>\n<a href=\"https:\/\/www.apaoltenia.ro\/wp-content\/uploads\/2022\/12\/C.A.O.-buletin-Piata-Gara-noiembrie-2022.doc\">C.A.O. buletin Pia\u021ba Gar\u0103 &#8211; noiembrie 2022<\/a><br \/>\n<a href=\"https:\/\/www.apaoltenia.ro\/wp-content\/uploads\/2022\/12\/C.A.O.-buletin-Piata-Valea-Rosie-noiembriet-2022.doc\">C.A.O. buletin Pia\u021ba Valea Ro\u0219ie &#8211; noiembrie 2022<\/a><br \/>\n<a href=\"https:\/\/www.apaoltenia.ro\/wp-content\/uploads\/2022\/12\/C.A.O.-buletin-Spitalul-Judetean-nr.1-noiembrie-2022.doc\">C.A.O. buletin Spitalul Jude\u021bean nr.1 &#8211; noiembrie 2022<\/a><br \/>\n<a href=\"https:\/\/www.apaoltenia.ro\/wp-content\/uploads\/2022\/12\/C.A.O.-buletin-Zona-SELGROS-noiembrie-2022.doc\">C.A.O. buletin Zona SELGROS &#8211; noiembrie 2022<\/a><\/p>\n","protected":false},"excerpt":{"rendered":"<p>C.A.O. buletin Ci\u0219mea Izvorul Rece &#8211; noiembrie 2022 C.A.O. buletin Cre\u0219a L\u0103pu\u0219 &#8211; noiembrie 2022 C.A.O. buletin Dispensar 1-2 Unirii &#8211; noiembrie 2022 C.A.O. buletin Dispensar Catargiu &#8211; noiembrie 2022 C.A.O. buletin Dispensar L\u0103pu\u0219 &#8211; noiembrie 2022 C.A.O. buletin F\u00e2nt\u00e2na F\u0103c\u0103i &#8211; noiembrie 2022 C.A.O. buletin F\u00e2nt\u00e2na Mure\u0219-Caracal &#8211; noiembrie 2022 C.A.O. buletin Pia\u021ba 1 &hellip;<\/p>\n<p class=\"read-more\"> <a class=\"\" href=\"https:\/\/www.apaoltenia.ro\/index.php\/buletine-noiembrie-2022\/\"> <span class=\"screen-reader-text\">Buletine noiembrie 2022<\/span> Read More &raquo;<\/a><\/p>\n","protected":false},"author":3,"featured_media":0,"parent":0,"menu_order":0,"comment_status":"closed","ping_status":"closed","template":"","meta":[],"_links":{"self":[{"href":"https:\/\/www.apaoltenia.ro\/index.php\/wp-json\/wp\/v2\/pages\/4846"}],"collection":[{"href":"https:\/\/www.apaoltenia.ro\/index.php\/wp-json\/wp\/v2\/pages"}],"about":[{"href":"https:\/\/www.apaoltenia.ro\/index.php\/wp-json\/wp\/v2\/types\/page"}],"author":[{"embeddable":true,"href":"https:\/\/www.apaoltenia.ro\/index.php\/wp-json\/wp\/v2\/users\/3"}],"replies":[{"embeddable":true,"href":"https:\/\/www.apaoltenia.ro\/index.php\/wp-json\/wp\/v2\/comments?post=4846"}],"version-history":[{"count":3,"href":"https:\/\/www.apaoltenia.ro\/index.php\/wp-json\/wp\/v2\/pages\/4846\/revisions"}],"predecessor-version":[{"id":4867,"href":"https:\/\/www.apaoltenia.ro\/index.php\/wp-json\/wp\/v2\/pages\/4846\/revisions\/4867"}],"wp:attachment":[{"href":"https:\/\/www.apaoltenia.ro\/index.php\/wp-json\/wp\/v2\/media?parent=4846"}],"curies":[{"name":"wp","href":"https:\/\/api.w.org\/{rel}","templated":true}]}}