{"id":34,"date":"2020-05-09T14:50:20","date_gmt":"2020-05-09T14:50:20","guid":{"rendered":"https:\/\/www.apaoltenia.ro\/\/?page_id=34"},"modified":"2021-07-30T09:57:11","modified_gmt":"2021-07-30T06:57:11","slug":"despre-noi","status":"publish","type":"page","link":"https:\/\/www.apaoltenia.ro\/index.php\/companie\/despre-noi\/","title":{"rendered":"Despre noi"},"content":{"rendered":"<p align=\"center\"><b>ISTORICUL ALIMENT\u0102RII CU AP\u0102 A ORA\u015eULUI CRAIOVA<\/b><\/p>\n<p>Asigurarea aliment\u0103rii cu ap\u0103 \u015fi a prelu\u0103rii apelor uzate a constituit o preocupare constant\u0103 a administra\u0163iei publice locale de-a lungul timpului.<\/p>\n<p>Dac\u0103 la \u00eenceputurile existen\u0163ei sale, prin anul 1475, Craiova \u2013 rezultat\u0103 din contopirea mai multor sate \u2013 avea ca surse de ap\u0103 c\u00e2teva f\u00e2nt\u00e2ni cu izvoare naturale ( Popova, Obedeanului, Jianului, Purcarului ), odat\u0103 cu cre\u015fterea num\u0103rului de locuitori, prin anul 1888, alimentarea cu ap\u0103 a ora\u015fului devenise o necesitate.<\/p>\n<p>Nodul gordian al problemei apei \u00een Craiova a fost dezlegat \u00een timpul c\u00e2nd \u00een fruntea ora\u015fului s-a aflat primarul Nicolae P. Romanescu (1898-1899, 1901-1905, 1914-1916).<\/p>\n<p>Obiectivul lui, \u00een perspectiva istoric\u0103, era de a crea ora\u015ful subteran de conducte pentru ap\u0103 \u015fi canale, condi\u0163ia primordial\u0103 \u00een \u00eentronarea modului de via\u0163\u0103 civilizat.<\/p>\n<p>Pentru realizarea marii lucr\u0103ri a aliment\u0103rii cu ap\u0103 a Craiovei s-a prev\u0103zut angajarea de studii noi pentru sursele de ap\u0103 \u015fi alegerea celui mai bun sistem de alimentare, concesionarea lucr\u0103rilor \u015fi canalizarea unei p\u0103r\u0163i din ora\u015f. Pentru realizarea acestor lucr\u0103ri, N.P. Romanescu l-a preferat pe inginerul englez William Heerlin Lindley (1853-1917), unul din cei mai mari hidrologi ai timpului, cunoscut \u00een Rom\u00e2nia pentru rezultatele pe care le ob\u0163inuse la Ia\u015fi \u015fi Ploie\u015fti.<\/p>\n<p>Din august 1901 \u015fi p\u00e2n\u0103 \u00een iulie 1902, s-au desf\u0103\u015furat cercet\u0103rile, sondajele, analizele apelor (cele chimice s-au f\u0103cut la Institutul Chimic al Statului Rom\u00e2n, Laboratorul \u015ecolii Na\u0163ionale de Poduri \u015fi \u015eosele din Bucure\u015fti \u015fi la Primul laborator chimic al Universit\u0103\u0163ii din Viena, iar cele bacteriologice, pentru apele din Gioroc au fost f\u0103cute de dr. Proca ) \u015fi s-a \u00eentocmit un proiect.<\/p>\n<p>W.H. Lindley a preferat, dintre mai multe surse posibile, apele din valea Giorocului ca fiind cele mai apropiate (cca. 40km de Craiova), de calitate foarte bun\u0103 \u015fi \u00een cantitate suficient\u0103, \u00eendeplinind \u015fi condi\u0163ii naturale favorabile pentru aduc\u0163iune la Craiova.<\/p>\n<p>Apele din valea Giorocului, cu un debit constant de 17.000 mc\/zi, temperatur\u0103 f\u0103r\u0103 mari varia\u0163ii, num\u0103r de bacterii saprofite\/cmc mic, duritate de 11 p\u00e2n\u0103 la 22 grade, se g\u0103sesc la o altitudine de 102 m, fapt care a dat posibilitatea ca ele s\u0103 fie aduse \u00een preajma Craiovei prin pant\u0103 natural\u0103.<\/p>\n<p>Pentru realizarea proiectului, la 4 aprilie 1904, Camera Deputa\u0163ilor a autorizat ora\u015ful Craiova s\u0103 contracteze un \u00eemprumut de 3.400.000 lei pe termen de 40 ani, iar Prim\u0103ria local\u0103 a \u00eenfiin\u0163at o contribu\u0163ie comunal\u0103 \u00een folosul ora\u015fului pe valoarea locativ\u0103 a tuturor propriet\u0103\u0163ilor de 2-6 %.<\/p>\n<p>Serviciul de construire a sistemului aliment\u0103rii cu ap\u0103 a ora\u015fului, \u00eenfiin\u0163at la 1 iulie 1904, a solicitat licita\u0163ii pentru toate materialele \u015fi lucr\u0103rile necesare materializ\u0103rii planului elaborat de Lindley.<br \/>\n\u00cen anii 1905-1907 s-au \u0163inut licita\u0163iile la care au participat firme \u015fi societ\u0103\u0163i din cele mai industrializate \u0163\u0103ri ( Belgia, Germania, Austria, etc.) \u015fi au \u00eenceput \u015fi primele lucr\u0103ri.<\/p>\n<p>P\u00e2n\u0103 la 30 octombrie 1908 se terminaser\u0103 lucr\u0103rile de construire a rezervorului de la \u015foseaua spre Bucure\u015fti de firma C. Bardeli din Craiova \u015fi cantoanele de la B\u0103do\u015fi, Malu Mare \u015fi Balta Verde .<\/p>\n<p>Lucr\u0103rile de captare de la Gioroc, \u00eencepute de Serviciul Apelor sub direc\u0163ia W.H. Lindley \u00een 1908, au fost terminate \u00een anul 1911 pentru 4100 mc\/zi . Primele m\u0103sur\u0103tori ale debitului de ap\u0103 adus\u0103 la Craiova au fost f\u0103cute la 9 octombrie 1910, consemn\u00e2ndu-se 4170mc\/zi.<\/p>\n<p>\u00cen anii 1913-1914, \u00een cea mai mare parte, proiectul Lindley a fost concretizat. \u00cen acest fel se \u00eencheia cea dint\u00e2i lucrare de alimentare cu ap\u0103 a ora\u015fului Craiova dintr-o surs\u0103 exterioar\u0103 teritoriului s\u0103u.<br \/>\n\u00cen perioada interbelic\u0103 nu au avut loc modific\u0103ri notabile ale sistemului public de alimentare cu ap\u0103 al ora\u015fului Craiova.<\/p>\n<p>Dup\u0103 cel de-al doilea R\u0103zboi Mondial serviciul public de alimentare cu ap\u0103 al ora\u015fului Craiova a fost asigurat succesiv de c\u0103tre \u00centreprinderea de Gospod\u0103rie Or\u0103\u015feneasc\u0103, Exploatarea de Gospod\u0103rie Comunal\u0103, Regia Autonom\u0103 Ap\u0103, Canal, Termoficare \u015fi Regia Autonom\u0103 Apa Craiova.<\/p>\n<p>Canalizarea ora\u015fului Craiova a fost executat\u0103 ini\u0163ial dup\u0103 proiectul \u00eentocmit \u00een 1910 de inginerul Lindley, fiind conceput\u0103 \u00een sistem unitar \u015fi \u00eencep\u00e2nd cu 1914 au fost executa\u0163i cca 45km de canalizare \u00een zona central\u0103 \u015fi de nord-est a ora\u015fului.<\/p>\n","protected":false},"excerpt":{"rendered":"<p>ISTORICUL ALIMENT\u0102RII CU AP\u0102 A ORA\u015eULUI CRAIOVA Asigurarea aliment\u0103rii cu ap\u0103 \u015fi a prelu\u0103rii apelor uzate a constituit o preocupare constant\u0103 a administra\u0163iei publice locale de-a lungul timpului. Dac\u0103 la \u00eenceputurile existen\u0163ei sale, prin anul 1475, Craiova \u2013 rezultat\u0103 din contopirea mai multor sate \u2013 avea ca surse de ap\u0103 c\u00e2teva f\u00e2nt\u00e2ni cu izvoare naturale &hellip;<\/p>\n<p class=\"read-more\"> <a class=\"\" href=\"https:\/\/www.apaoltenia.ro\/index.php\/companie\/despre-noi\/\"> <span class=\"screen-reader-text\">Despre noi<\/span> Read More &raquo;<\/a><\/p>\n","protected":false},"author":1,"featured_media":0,"parent":30,"menu_order":0,"comment_status":"closed","ping_status":"closed","template":"","meta":[],"_links":{"self":[{"href":"https:\/\/www.apaoltenia.ro\/index.php\/wp-json\/wp\/v2\/pages\/34"}],"collection":[{"href":"https:\/\/www.apaoltenia.ro\/index.php\/wp-json\/wp\/v2\/pages"}],"about":[{"href":"https:\/\/www.apaoltenia.ro\/index.php\/wp-json\/wp\/v2\/types\/page"}],"author":[{"embeddable":true,"href":"https:\/\/www.apaoltenia.ro\/index.php\/wp-json\/wp\/v2\/users\/1"}],"replies":[{"embeddable":true,"href":"https:\/\/www.apaoltenia.ro\/index.php\/wp-json\/wp\/v2\/comments?post=34"}],"version-history":[{"count":6,"href":"https:\/\/www.apaoltenia.ro\/index.php\/wp-json\/wp\/v2\/pages\/34\/revisions"}],"predecessor-version":[{"id":1147,"href":"https:\/\/www.apaoltenia.ro\/index.php\/wp-json\/wp\/v2\/pages\/34\/revisions\/1147"}],"up":[{"embeddable":true,"href":"https:\/\/www.apaoltenia.ro\/index.php\/wp-json\/wp\/v2\/pages\/30"}],"wp:attachment":[{"href":"https:\/\/www.apaoltenia.ro\/index.php\/wp-json\/wp\/v2\/media?parent=34"}],"curies":[{"name":"wp","href":"https:\/\/api.w.org\/{rel}","templated":true}]}}