{"id":3231,"date":"2022-03-21T15:53:44","date_gmt":"2022-03-21T13:53:44","guid":{"rendered":"https:\/\/www.apaoltenia.ro\/?page_id=3231"},"modified":"2023-05-12T11:05:54","modified_gmt":"2023-05-12T08:05:54","slug":"consiliul-de-administratie-2022","status":"publish","type":"page","link":"https:\/\/www.apaoltenia.ro\/index.php\/companie\/hotarari\/consiliul-de-administratie-2022\/","title":{"rendered":"Consiliul de Administra\u021bie 2022"},"content":{"rendered":"<p><img decoding=\"async\" src=\"\/wp-content\/uploads\/2011\/11\/adobe-acrobat-reader.png\" alt=\"\"> <a href=\"https:\/\/www.apaoltenia.ro\/wp-content\/uploads\/2022\/03\/hotararea-C.A.-nr.-1-2022.pdf\">HOT\u0102R\u00c2REA C.A. NR. 1<\/a><br \/>\n<img decoding=\"async\" src=\"\/wp-content\/uploads\/2011\/11\/adobe-acrobat-reader.png\" alt=\"\"> <a href=\"https:\/\/www.apaoltenia.ro\/wp-content\/uploads\/2022\/06\/Hotararea-CA-nr.-2-din-14.02.2022.pdf\">HOT\u0102R\u00c2REA C.A. NR. 2<\/a><br \/>\n<img decoding=\"async\" src=\"\/wp-content\/uploads\/2011\/11\/adobe-acrobat-reader.png\" alt=\"\"> <a href=\"https:\/\/www.apaoltenia.ro\/wp-content\/uploads\/2022\/06\/Hotararea-CA-nr.-3-din-28.02.2022.pdf\">HOT\u0102R\u00c2REA C.A. NR. 3<\/a><br \/>\n<img decoding=\"async\" src=\"\/wp-content\/uploads\/2011\/11\/adobe-acrobat-reader.png\" alt=\"\"> <a href=\"https:\/\/www.apaoltenia.ro\/wp-content\/uploads\/2022\/06\/Hotararea-CA-nr.-4-din-05.04.2022.pdf\">HOT\u0102R\u00c2REA C.A. NR. 4<\/a><br \/>\n<img decoding=\"async\" src=\"\/wp-content\/uploads\/2011\/11\/adobe-acrobat-reader.png\" alt=\"\"> <a href=\"https:\/\/www.apaoltenia.ro\/wp-content\/uploads\/2022\/06\/Hotararea-CA-nr.-5-din-27.04.2022.pdf\">HOT\u0102R\u00c2REA C.A. NR. 5<\/a><br \/>\n<img decoding=\"async\" src=\"\/wp-content\/uploads\/2011\/11\/adobe-acrobat-reader.png\" alt=\"\"> <a href=\"https:\/\/www.apaoltenia.ro\/wp-content\/uploads\/2022\/06\/Hotararea-CA-nr.-6-din-09.06.2022.pdf\">HOT\u0102R\u00c2REA C.A. NR. 6<\/a><br \/>\n<img decoding=\"async\" src=\"\/wp-content\/uploads\/2011\/11\/adobe-acrobat-reader.png\" alt=\"\"> <a href=\"https:\/\/www.apaoltenia.ro\/wp-content\/uploads\/2022\/10\/Hotararea-CA-nr-7-din-10.08.2022.pdf\">HOT\u0102R\u00c2REA C.A. NR. 7<\/a><br \/>\n<img decoding=\"async\" src=\"\/wp-content\/uploads\/2011\/11\/adobe-acrobat-reader.png\" alt=\"\"> <a href=\"https:\/\/www.apaoltenia.ro\/wp-content\/uploads\/2022\/10\/Hotararea-CA-nr-8-din-04.10.2022.pdf\">HOT\u0102R\u00c2REA C.A. NR. 8<\/a><br \/>\n<img decoding=\"async\" src=\"\/wp-content\/uploads\/2011\/11\/adobe-acrobat-reader.png\" alt=\"\"> <a href=\"https:\/\/www.apaoltenia.ro\/wp-content\/uploads\/2022\/12\/Hotararea-CA-nr.-9.pdf\">HOT\u0102R\u00c2REA C.A. NR. 9<\/a><\/p>\n","protected":false},"excerpt":{"rendered":"<p>HOT\u0102R\u00c2REA C.A. NR. 1 HOT\u0102R\u00c2REA C.A. NR. 2 HOT\u0102R\u00c2REA C.A. NR. 3 HOT\u0102R\u00c2REA C.A. NR. 4 HOT\u0102R\u00c2REA C.A. NR. 5 HOT\u0102R\u00c2REA C.A. NR. 6 HOT\u0102R\u00c2REA C.A. NR. 7 HOT\u0102R\u00c2REA C.A. NR. 8 HOT\u0102R\u00c2REA C.A. NR. 9<\/p>\n","protected":false},"author":3,"featured_media":0,"parent":636,"menu_order":8,"comment_status":"closed","ping_status":"closed","template":"","meta":[],"_links":{"self":[{"href":"https:\/\/www.apaoltenia.ro\/index.php\/wp-json\/wp\/v2\/pages\/3231"}],"collection":[{"href":"https:\/\/www.apaoltenia.ro\/index.php\/wp-json\/wp\/v2\/pages"}],"about":[{"href":"https:\/\/www.apaoltenia.ro\/index.php\/wp-json\/wp\/v2\/types\/page"}],"author":[{"embeddable":true,"href":"https:\/\/www.apaoltenia.ro\/index.php\/wp-json\/wp\/v2\/users\/3"}],"replies":[{"embeddable":true,"href":"https:\/\/www.apaoltenia.ro\/index.php\/wp-json\/wp\/v2\/comments?post=3231"}],"version-history":[{"count":6,"href":"https:\/\/www.apaoltenia.ro\/index.php\/wp-json\/wp\/v2\/pages\/3231\/revisions"}],"predecessor-version":[{"id":4838,"href":"https:\/\/www.apaoltenia.ro\/index.php\/wp-json\/wp\/v2\/pages\/3231\/revisions\/4838"}],"up":[{"embeddable":true,"href":"https:\/\/www.apaoltenia.ro\/index.php\/wp-json\/wp\/v2\/pages\/636"}],"wp:attachment":[{"href":"https:\/\/www.apaoltenia.ro\/index.php\/wp-json\/wp\/v2\/media?parent=3231"}],"curies":[{"name":"wp","href":"https:\/\/api.w.org\/{rel}","templated":true}]}}