{"id":126,"date":"2020-05-10T07:12:34","date_gmt":"2020-05-10T07:12:34","guid":{"rendered":"https:\/\/www.apaoltenia.ro\/\/?page_id=126"},"modified":"2026-05-04T12:12:27","modified_gmt":"2026-05-04T09:12:27","slug":"unde-si-cum-puteti-plati","status":"publish","type":"page","link":"https:\/\/www.apaoltenia.ro\/index.php\/informatii-utile\/unde-si-cum-puteti-plati\/","title":{"rendered":"Unde \u0219i cum pute\u021bi pl\u0103ti"},"content":{"rendered":"<p><b>Plata se poate face f\u0103r\u0103 comision:<\/b><\/p>\n<p><strong>1)\u00a0\u00a0\u00a0\u00a0 On-line pe site-ul <a href=\"http:\/\/www.apaoltenia.ro\">www.apaoltenia.ro<\/a> prin aplica\u021bia <span style=\"font-size: medium;\">&#8220;CONTUL MEU&#8221;;<\/span><\/strong><\/p>\n<p><strong>2)\u00a0\u00a0\u00a0\u00a0 La ATM-urile urm\u0103toarelor b\u0103nci :<\/strong><\/p>\n<ul>\n<li>a)\u00a0\u00a0 BRD<\/li>\n<li>b)\u00a0\u00a0 Garanti Bank<\/li>\n<li>c)\u00a0\u00a0 BCR<\/li>\n<\/ul>\n<p><strong>3)\u00a0\u00a0\u00a0\u00a0 Banca Transilvania &#8211; la ,,Facturel\u201d<\/strong><\/p>\n<p><strong>4)\u00a0\u00a0\u00a0\u00a0 La casieria Companiei de Ap\u0103 din Craiova, str. Brestei, nr. 133 (cash sau card);<\/strong><\/p>\n<p><strong>5)\u00a0\u00a0\u00a0\u00a0 La casieriile centrelor zonale din jude\u021b (cash): B\u0103ile\u0219ti, Calafat, D\u0103buleni, Filia\u0219i;<\/strong><\/p>\n<p><strong>6) PUNCTE DE \u00ceNCASARE MOBILE DISTRIBUTION &#8211; BRAND UN-DOI CENTRUL DE PL\u0102\u021aI<\/strong><\/p>\n<ul>\n<li><a href=\"https:\/\/www.apaoltenia.ro\/wp-content\/uploads\/2025\/11\/Craiova-un-doi.pdf\">List\u0103 puncte de \u00eencasare Mobile Distribution &#8211; Brand un-doi Centrul de Pl\u0103\u021bi Craiova<\/a><\/li>\n<li><a href=\"https:\/\/www.apaoltenia.ro\/wp-content\/uploads\/2025\/11\/dolj-un-doi.pdf\">List\u0103 puncte de \u00eencasare Mobile Distribution &#8211; Brand un-doi Centrul de Pl\u0103\u021bi Dolj<\/a><\/li>\n<li><a href=\"https:\/\/www.apaoltenia.ro\/wp-content\/uploads\/2025\/11\/gorj-un-doi.pdf\">List\u0103 puncte de \u00eencasare Mobile Distribution &#8211; Brand un-doi Centrul de Pl\u0103\u021bi Gorj<\/a><\/li>\n<\/ul>\n<p><!--<strong>9)&nbsp;&nbsp;&nbsp; PUNCTE DE \u00ceNCASARE PAYZONE:<\/strong>\n\n\n<ul>\n \t\n\n<li>a)&nbsp;&nbsp;&nbsp;&nbsp; <a href=\"https:\/\/www.apaoltenia.ro\/wp-content\/uploads\/2020\/07\/payzone-Craiova.pdf\">List\u0103 puncte de \u00eencasare Payzone Craiova<\/a><\/li>\n\n\n \t\n\n<li>b)&nbsp;&nbsp;&nbsp;&nbsp; <a href=\"https:\/\/www.apaoltenia.ro\/wp-content\/uploads\/2020\/07\/payzone-Dolj.pdf\">List\u0103 puncte de \u00eencasare Payzone \u2013 Jude\u021b Dolj<\/a><\/li>\n\n\n \t\n\n<li>c)&nbsp;&nbsp;&nbsp;&nbsp; <a href=\"https: www.apaoltenia.ro=\" \"=\"\" demo=\"\" wp-content=\"\" uploads=\"\" 2020=\"\" 07=\"\" payzone-gorj.pdf\"=\"\">List\u0103 puncte de \u00eencasare Payzone \u2013 Jude\u021b Gorj<\/a><\/li>\n\n\n<\/ul>\n\n\n--><br \/>\n<strong>7) PUNCTE DE \u00ceNCASARE PayPoint:<\/strong><\/p>\n<ul>\n<li>a) <a href=\"https:\/\/www.apaoltenia.ro\/wp-content\/uploads\/2025\/10\/Craiova-paypoint.pdf\">List\u0103 puncte de \u00eencasare PayPoint Craiova<\/a><\/li>\n<li>b) <a href=\"https:\/\/www.apaoltenia.ro\/wp-content\/uploads\/2025\/10\/dolj-paypoint.pdf\">List\u0103 puncte de \u00eencasare PayPoint \u2013 Jude\u021b Dolj<\/a><\/li>\n<li>c) <a href=\"https:\/\/www.apaoltenia.ro\/wp-content\/uploads\/2025\/10\/gorj-paypoint.pdf\">List\u0103 puncte de \u00eencasare PayPoint \u2013 Jude\u021b Gorj<\/a><\/li>\n<\/ul>\n<p><strong>8) SERVICIUL DE \u00ceNCASARE SelfPay<\/strong><\/p>\n<ul>\n<li>a) <a href=\"https:\/\/www.apaoltenia.ro\/wp-content\/uploads\/2025\/10\/Craiova-selfpay.pdf\">List\u0103 puncte de \u00eencasare SelfPay Craiova<\/a><\/li>\n<li>b) <a href=\"https:\/\/www.apaoltenia.ro\/wp-content\/uploads\/2025\/10\/dolj-selfpay.pdf\">List\u0103 puncte de \u00eencasare SelfPay \u2013 Jude\u021b Dolj<\/a><\/li>\n<li>c) <a href=\"https:\/\/www.apaoltenia.ro\/wp-content\/uploads\/2025\/10\/gorj-selfpay.pdf\">List\u0103 puncte de \u00eencasare SelfPay \u2013 Jude\u021b Gorj<\/a><\/li>\n<\/ul>\n<p><a href=\"https:\/\/www.apaoltenia.ro\/wp-content\/uploads\/2020\/07\/apa_oltenia_infografic.png\">Cum pl\u0103te\u0219ti prin Sta\u021biile de Plat\u0103 SelfPay? <\/a><\/p>\n<p><strong>9)&nbsp;&nbsp;&nbsp; Prin aplica\u021bia PAGO<\/strong><\/p>\n<p><strong>10)&nbsp;&nbsp;&nbsp; Prin aplica\u021bia pentru mobil SelfApaOltenia<\/strong><\/p>\n<p><b>Plata se poate face cu ordin de plat\u0103 \u00een urm\u0103toarele conturi<\/b><b>:<\/b><\/p>\n<div style=\"text-align: left;\" align=\"center\">\n<table border=\"0\" cellpadding=\"0\">\n<tbody>\n<tr>\n<td>\n<p align=\"center\"><b>Nume Banca<\/b><\/p>\n<\/td>\n<td>\n<p align=\"center\"><b>Cont IBAN<\/b><\/p>\n<\/td>\n<\/tr>\n<tr>\n<td>\n<p align=\"center\">GARANTI BANK<\/p>\n<\/td>\n<td>\n<p align=\"center\">RO58 UGBI 0000 3220 1083 3RON<\/p>\n<\/td>\n<\/tr>\n<tr>\n<td>\n<p align=\"center\">BANCA TRANSILVANIA<\/p>\n<\/td>\n<td>\n<p align=\"center\">RO35 BTRL 0170 1202 W562 51XX<\/p>\n<\/td>\n<\/tr>\n<tr>\n<td>\n<p align=\"center\">BRD Craiova<\/p>\n<\/td>\n<td>\n<p align=\"center\">RO71 BRDE 170S V042 7071 1700<\/p>\n<\/td>\n<\/tr>\n<tr>\n<td>\n<p align=\"center\">ERSTE<i> <\/i>BCR Craiova<\/p>\n<\/td>\n<td>\n<p align=\"center\">RO58 RNCB 0134 0236 5168 0001<\/p>\n<\/td>\n<\/tr>\n<tr>\n<td>\n<p align=\"center\">Raiffeisen Craiova<\/p>\n<\/td>\n<td>\n<p align=\"center\">RO36 RZBR 0000 0600 0332 3644<\/p>\n<\/td>\n<\/tr>\n<tr>\n<td>\n<p align=\"center\">CEC BANK<\/p>\n<\/td>\n<td>\n<p align=\"center\">RO86 CECE DJ01 30RON1154323<\/p>\n<\/td>\n<\/tr>\n<p><!--\n\n\n<tr>\n\n\n<td>\n\n\n<p align=\"center\">ALPHA BANK<\/p>\n\n\n<\/td>\n\n\n\n\n<td>\n\n\n<p align=\"center\">RO03 BUCU 1451 2132 7408 9RON<\/p>\n\n\n<\/td>\n\n\n<\/tr>\n\n\n\n\n<tr>\n\n\n<td>\n\n\n<p align=\"center\">CREDIT EUROPE BANK<\/p>\n\n\n<\/td>\n\n\n\n\n<td>\n\n\n<p align=\"center\">RO44FNNB000803005078R001<\/p>\n\n\n<\/td>\n\n\n<\/tr>\n\n\n--><br \/>\n<\/tbody>\n<\/table>\n<p>&nbsp;<\/p>\n<\/div>\n<p><b>Programul casieriilor centrelor zonale din jude\u021bul Dolj:<\/b><\/p>\n<table border=\"1\" cellpadding=\"0\">\n<tbody>\n<tr>\n<td>\n<p align=\"center\">DENUMIRE CENTRU OPERA\u021aIONAL<\/p>\n<\/td>\n<td>\n<p align=\"center\">ADRES\u0102<\/p>\n<\/td>\n<td>\n<p align=\"center\">PROGRAM<\/p>\n<\/td>\n<td>\n<p align=\"center\">TELEFON<\/p>\n<\/td>\n<\/tr>\n<tr>\n<td>CRAIOVA<\/td>\n<td>Str. Brestei nr.133<\/td>\n<td>Luni \u2013 vineri 09.00-16:00<\/td>\n<td>0251\/422117int.247<\/td>\n<\/tr>\n<p><!--\n\n\n<tr>\n\n\n<td>CALAFAT<\/td>\n\n\n\n\n<td>Str. Gheorghe Doja, Bl. B9, ap.3<\/td>\n\n\n\n\n<td>Luni \u2013 vineri \u00a008.00-16.00<\/td>\n\n\n\n\n<td>0372\/769314<\/td>\n\n\n<\/tr>\n\n\n\n\n<tr>\n\n\n<td>B\u0102ILE\u015eTI<\/td>\n\n\n\n\n<td>Str. Independen\u021bei, nr.14<\/td>\n\n\n\n\n<td>Luni \u2013 vineri \u00a0 \u00a008.00-16.00<\/td>\n\n\n\n\n<td>0251\/311987<\/td>\n\n\n<\/tr>\n\n\n\n\n<tr>\n\n\n<td>FILIA\u015eI<\/td>\n\n\n\n\n<td>Str. Morii, nr. 22<\/td>\n\n\n\n\n<td>Luni \u2013 vineri \u00a0 \u00a008.00-16.00<\/td>\n\n\n\n\n<td>0251\/442012<\/td>\n\n\n<\/tr>\n\n\n\n\n<tr>\n\n\n<td>D\u0102BULENI<\/td>\n\n\n\n\n<td>Sta\u021bia de ap\u0103<\/td>\n\n\n\n\n<td>Luni \u2013 vineri \u00a0 \u00a008.00-16.00<\/td>\n\n\n\n\n<td>0735\/550437<\/td>\n\n\n<\/tr>\n\n\n--><br \/>\n<\/tbody>\n<\/table>\n<p>&nbsp;<\/p>\n","protected":false},"excerpt":{"rendered":"<p>Plata se poate face f\u0103r\u0103 comision: 1)\u00a0\u00a0\u00a0\u00a0 On-line pe site-ul www.apaoltenia.ro prin aplica\u021bia &#8220;CONTUL MEU&#8221;; 2)\u00a0\u00a0\u00a0\u00a0 La ATM-urile urm\u0103toarelor b\u0103nci : a)\u00a0\u00a0 BRD b)\u00a0\u00a0 Garanti Bank c)\u00a0\u00a0 BCR 3)\u00a0\u00a0\u00a0\u00a0 Banca Transilvania &#8211; la ,,Facturel\u201d 4)\u00a0\u00a0\u00a0\u00a0 La casieria Companiei de Ap\u0103 din Craiova, str. Brestei, nr. 133 (cash sau card); 5)\u00a0\u00a0\u00a0\u00a0 La casieriile centrelor zonale din &hellip;<\/p>\n<p class=\"read-more\"> <a class=\"\" href=\"https:\/\/www.apaoltenia.ro\/index.php\/informatii-utile\/unde-si-cum-puteti-plati\/\"> <span class=\"screen-reader-text\">Unde \u0219i cum pute\u021bi pl\u0103ti<\/span> Read More &raquo;<\/a><\/p>\n","protected":false},"author":1,"featured_media":0,"parent":82,"menu_order":13,"comment_status":"closed","ping_status":"closed","template":"","meta":[],"_links":{"self":[{"href":"https:\/\/www.apaoltenia.ro\/index.php\/wp-json\/wp\/v2\/pages\/126"}],"collection":[{"href":"https:\/\/www.apaoltenia.ro\/index.php\/wp-json\/wp\/v2\/pages"}],"about":[{"href":"https:\/\/www.apaoltenia.ro\/index.php\/wp-json\/wp\/v2\/types\/page"}],"author":[{"embeddable":true,"href":"https:\/\/www.apaoltenia.ro\/index.php\/wp-json\/wp\/v2\/users\/1"}],"replies":[{"embeddable":true,"href":"https:\/\/www.apaoltenia.ro\/index.php\/wp-json\/wp\/v2\/comments?post=126"}],"version-history":[{"count":36,"href":"https:\/\/www.apaoltenia.ro\/index.php\/wp-json\/wp\/v2\/pages\/126\/revisions"}],"predecessor-version":[{"id":13260,"href":"https:\/\/www.apaoltenia.ro\/index.php\/wp-json\/wp\/v2\/pages\/126\/revisions\/13260"}],"up":[{"embeddable":true,"href":"https:\/\/www.apaoltenia.ro\/index.php\/wp-json\/wp\/v2\/pages\/82"}],"wp:attachment":[{"href":"https:\/\/www.apaoltenia.ro\/index.php\/wp-json\/wp\/v2\/media?parent=126"}],"curies":[{"name":"wp","href":"https:\/\/api.w.org\/{rel}","templated":true}]}}