{"id":11130,"date":"2025-04-08T14:43:31","date_gmt":"2025-04-08T11:43:31","guid":{"rendered":"https:\/\/www.apaoltenia.ro\/?page_id=11130"},"modified":"2026-01-20T10:21:27","modified_gmt":"2026-01-20T08:21:27","slug":"consiliul-de-administratie-2025","status":"publish","type":"page","link":"https:\/\/www.apaoltenia.ro\/index.php\/companie\/hotarari\/consiliul-de-administratie-2025\/","title":{"rendered":"Consiliul de Administratie 2025"},"content":{"rendered":"<p><img decoding=\"async\" src=\"\/wp-content\/uploads\/2011\/11\/adobe-acrobat-reader.png\" alt=\"\"><a href=\"https:\/\/www.apaoltenia.ro\/wp-content\/uploads\/2025\/04\/hot-CA-1.pdf\">HOT\u0102R\u00c2REA C.A. NR. 1<\/a><br \/>\n<img decoding=\"async\" src=\"\/wp-content\/uploads\/2011\/11\/adobe-acrobat-reader.png\" alt=\"\"><a href=\"https:\/\/www.apaoltenia.ro\/wp-content\/uploads\/2025\/04\/hot-CA-2.pdf\">HOT\u0102R\u00c2REA C.A. NR. 2<\/a><br \/>\n<img decoding=\"async\" src=\"\/wp-content\/uploads\/2011\/11\/adobe-acrobat-reader.png\" alt=\"\"><a href=\"https:\/\/www.apaoltenia.ro\/wp-content\/uploads\/2025\/04\/hot-CA-3.pdf\">HOT\u0102R\u00c2REA C.A. NR. 3<\/a><br \/>\n<img decoding=\"async\" src=\"\/wp-content\/uploads\/2011\/11\/adobe-acrobat-reader.png\" alt=\"\"><a href=\"https:\/\/www.apaoltenia.ro\/wp-content\/uploads\/2025\/04\/hot-CA-4.pdf\">HOT\u0102R\u00c2REA C.A. NR. 4<\/a><br \/>\n<img decoding=\"async\" src=\"\/wp-content\/uploads\/2011\/11\/adobe-acrobat-reader.png\" alt=\"\"><a href=\"https:\/\/www.apaoltenia.ro\/wp-content\/uploads\/2025\/05\/Hotararea-CA-nr.-5-din-2025.pdf\">HOT\u0102R\u00c2REA C.A. NR. 5<\/a><br \/>\n<img decoding=\"async\" src=\"\/wp-content\/uploads\/2011\/11\/adobe-acrobat-reader.png\" alt=\"\"><a href=\"https:\/\/www.apaoltenia.ro\/wp-content\/uploads\/2025\/08\/Hotararea-CA-6-din-2025.pdf\">HOT\u0102R\u00c2REA C.A. NR. 6<\/a><br \/>\n<img decoding=\"async\" src=\"\/wp-content\/uploads\/2011\/11\/adobe-acrobat-reader.png\" alt=\"\"><a href=\"https:\/\/www.apaoltenia.ro\/wp-content\/uploads\/2025\/08\/Hotararea-CA-7-din-2025.pdf\">HOT\u0102R\u00c2REA C.A. NR. 7<\/a><br \/>\n<img decoding=\"async\" src=\"\/wp-content\/uploads\/2011\/11\/adobe-acrobat-reader.png\" alt=\"\"><a href=\"https:\/\/www.apaoltenia.ro\/wp-content\/uploads\/2025\/08\/Hotararea-CA-8-din-2025.pdf\">HOT\u0102R\u00c2REA C.A. NR. 8<\/a><br \/>\n<img decoding=\"async\" src=\"\/wp-content\/uploads\/2011\/11\/adobe-acrobat-reader.png\" alt=\"\"><a href=\"https:\/\/www.apaoltenia.ro\/wp-content\/uploads\/2025\/08\/Hotararea-CA-9-din-2025.pdf\">HOT\u0102R\u00c2REA C.A. NR. 9<\/a><br \/>\n<img decoding=\"async\" src=\"\/wp-content\/uploads\/2011\/11\/adobe-acrobat-reader.png\" alt=\"\"><a href=\"https:\/\/www.apaoltenia.ro\/wp-content\/uploads\/2025\/08\/Hotararea-CA-10-din-2025.pdf\">HOT\u0102R\u00c2REA C.A. NR. 10<\/a><br \/>\n<img decoding=\"async\" src=\"\/wp-content\/uploads\/2011\/11\/adobe-acrobat-reader.png\" alt=\"\"><a href=\"https:\/\/www.apaoltenia.ro\/wp-content\/uploads\/2025\/08\/Hotararea-CA-11-din-2025.pdf\">HOT\u0102R\u00c2REA C.A. NR. 11<\/a><br \/>\n<img decoding=\"async\" src=\"\/wp-content\/uploads\/2011\/11\/adobe-acrobat-reader.png\" alt=\"\"><a href=\"https:\/\/www.apaoltenia.ro\/wp-content\/uploads\/2025\/08\/Hotararea-CA-12-din-2025.pdf\">HOT\u0102R\u00c2REA C.A. NR. 12<\/a><br \/>\n<img decoding=\"async\" src=\"\/wp-content\/uploads\/2011\/11\/adobe-acrobat-reader.png\" alt=\"\"><a href=\"https:\/\/www.apaoltenia.ro\/wp-content\/uploads\/2025\/08\/Hotararea-CA-13-din-2025.pdf\">HOT\u0102R\u00c2REA C.A. NR. 13<\/a><br \/>\n<img decoding=\"async\" src=\"\/wp-content\/uploads\/2011\/11\/adobe-acrobat-reader.png\" alt=\"\"><a href=\"https:\/\/www.apaoltenia.ro\/wp-content\/uploads\/2025\/08\/Hotararea-CA-14-din-2025.pdf\">HOT\u0102R\u00c2REA C.A. NR. 14<\/a><br \/>\n<img decoding=\"async\" src=\"\/wp-content\/uploads\/2011\/11\/adobe-acrobat-reader.png\" alt=\"\"><a href=\"https:\/\/www.apaoltenia.ro\/wp-content\/uploads\/2025\/08\/Hotararea-CA-15-din-2025.pdf\">HOT\u0102R\u00c2REA C.A. NR. 15<\/a><br \/>\n<img decoding=\"async\" src=\"\/wp-content\/uploads\/2011\/11\/adobe-acrobat-reader.png\" alt=\"\"><a href=\"https:\/\/www.apaoltenia.ro\/wp-content\/uploads\/2025\/08\/Hotararea-CA-16-din-2025.pdf\">HOT\u0102R\u00c2REA C.A. NR. 16<\/a><br \/>\n<img decoding=\"async\" src=\"\/wp-content\/uploads\/2011\/11\/adobe-acrobat-reader.png\" alt=\"\"><a href=\"https:\/\/www.apaoltenia.ro\/wp-content\/uploads\/2025\/08\/Hotararea-CA-17-din-2025.pdf\">HOT\u0102R\u00c2REA C.A. NR. 17<\/a><br \/>\n<img decoding=\"async\" src=\"\/wp-content\/uploads\/2011\/11\/adobe-acrobat-reader.png\" alt=\"\"><a href=\"https:\/\/www.apaoltenia.ro\/wp-content\/uploads\/2025\/08\/Hotararea-CA-18-din-2025.pdf\">HOT\u0102R\u00c2REA C.A. NR. 18<\/a><br \/>\n<img decoding=\"async\" src=\"\/wp-content\/uploads\/2011\/11\/adobe-acrobat-reader.png\" alt=\"\"><a href=\"https:\/\/www.apaoltenia.ro\/wp-content\/uploads\/2025\/08\/Hotaraea-CA-19-din-2025.pdf\">HOT\u0102R\u00c2REA C.A. NR. 19<\/a><br \/>\n<img decoding=\"async\" src=\"\/wp-content\/uploads\/2011\/11\/adobe-acrobat-reader.png\" alt=\"\"><a href=\"https:\/\/www.apaoltenia.ro\/wp-content\/uploads\/2025\/08\/Hotararea-CA-20-din-2025.pdf\">HOT\u0102R\u00c2REA C.A. NR. 20<\/a><br \/>\n<img decoding=\"async\" src=\"\/wp-content\/uploads\/2011\/11\/adobe-acrobat-reader.png\" alt=\"\"><a href=\"https:\/\/www.apaoltenia.ro\/wp-content\/uploads\/2025\/08\/Hotararea-CA-21-din-2025.pdf\">HOT\u0102R\u00c2REA C.A. NR. 21<\/a><br \/>\n<img decoding=\"async\" src=\"\/wp-content\/uploads\/2011\/11\/adobe-acrobat-reader.png\" alt=\"\"><a href=\"https:\/\/www.apaoltenia.ro\/wp-content\/uploads\/2025\/08\/Hotararea-CA-22-din-2025.pdf\">HOT\u0102R\u00c2REA C.A. NR. 22<\/a><br \/>\n<img decoding=\"async\" src=\"\/wp-content\/uploads\/2011\/11\/adobe-acrobat-reader.png\" alt=\"\"><a href=\"https:\/\/www.apaoltenia.ro\/wp-content\/uploads\/2026\/01\/Hotarare-CA-23-din-2025.pdf\">HOT\u0102R\u00c2REA C.A. NR. 23<\/a><br \/>\n<img decoding=\"async\" src=\"\/wp-content\/uploads\/2011\/11\/adobe-acrobat-reader.png\" alt=\"\"><a href=\"https:\/\/www.apaoltenia.ro\/wp-content\/uploads\/2026\/01\/Hotararea-CA-24-din-2025.pdf\">HOT\u0102R\u00c2REA C.A. NR. 24<\/a><br \/>\n<img decoding=\"async\" src=\"\/wp-content\/uploads\/2011\/11\/adobe-acrobat-reader.png\" alt=\"\"><a href=\"https:\/\/www.apaoltenia.ro\/wp-content\/uploads\/2026\/01\/Hotararea-25-din-2025.pdf\">HOT\u0102R\u00c2REA C.A. NR. 25<\/a><br \/>\n<img decoding=\"async\" src=\"\/wp-content\/uploads\/2011\/11\/adobe-acrobat-reader.png\" alt=\"\"><a href=\"https:\/\/www.apaoltenia.ro\/wp-content\/uploads\/2026\/01\/Hotararea-26-din-2025.pdf\">HOT\u0102R\u00c2REA C.A. NR. 26<\/a><br \/>\n<img decoding=\"async\" src=\"\/wp-content\/uploads\/2011\/11\/adobe-acrobat-reader.png\" alt=\"\"><a href=\"https:\/\/www.apaoltenia.ro\/wp-content\/uploads\/2026\/01\/Hotararea-CA-27-din-2025.pdf\">HOT\u0102R\u00c2REA C.A. NR. 27<\/a><br \/>\n<img decoding=\"async\" src=\"\/wp-content\/uploads\/2011\/11\/adobe-acrobat-reader.png\" alt=\"\"><a href=\"https:\/\/www.apaoltenia.ro\/wp-content\/uploads\/2026\/01\/Hotararea-CA-28-din-2025.pdf\">HOT\u0102R\u00c2REA C.A. NR. 28<\/a><br \/>\n<img decoding=\"async\" src=\"\/wp-content\/uploads\/2011\/11\/adobe-acrobat-reader.png\" alt=\"\"><a href=\"https:\/\/www.apaoltenia.ro\/wp-content\/uploads\/2026\/01\/Hotararea-CA-nr.-29-din-2025.pdf\">HOT\u0102R\u00c2REA C.A. NR. 29<\/a><\/p>\n","protected":false},"excerpt":{"rendered":"<p>HOT\u0102R\u00c2REA C.A. NR. 1 HOT\u0102R\u00c2REA C.A. NR. 2 HOT\u0102R\u00c2REA C.A. NR. 3 HOT\u0102R\u00c2REA C.A. NR. 4 HOT\u0102R\u00c2REA C.A. NR. 5 HOT\u0102R\u00c2REA C.A. NR. 6 HOT\u0102R\u00c2REA C.A. NR. 7 HOT\u0102R\u00c2REA C.A. NR. 8 HOT\u0102R\u00c2REA C.A. NR. 9 HOT\u0102R\u00c2REA C.A. NR. 10 HOT\u0102R\u00c2REA C.A. NR. 11 HOT\u0102R\u00c2REA C.A. NR. 12 HOT\u0102R\u00c2REA C.A. NR. 13 HOT\u0102R\u00c2REA C.A. NR. &hellip;<\/p>\n<p class=\"read-more\"> <a class=\"\" href=\"https:\/\/www.apaoltenia.ro\/index.php\/companie\/hotarari\/consiliul-de-administratie-2025\/\"> <span class=\"screen-reader-text\">Consiliul de Administratie 2025<\/span> Read More &raquo;<\/a><\/p>\n","protected":false},"author":3,"featured_media":0,"parent":636,"menu_order":5,"comment_status":"closed","ping_status":"closed","template":"","meta":[],"_links":{"self":[{"href":"https:\/\/www.apaoltenia.ro\/index.php\/wp-json\/wp\/v2\/pages\/11130"}],"collection":[{"href":"https:\/\/www.apaoltenia.ro\/index.php\/wp-json\/wp\/v2\/pages"}],"about":[{"href":"https:\/\/www.apaoltenia.ro\/index.php\/wp-json\/wp\/v2\/types\/page"}],"author":[{"embeddable":true,"href":"https:\/\/www.apaoltenia.ro\/index.php\/wp-json\/wp\/v2\/users\/3"}],"replies":[{"embeddable":true,"href":"https:\/\/www.apaoltenia.ro\/index.php\/wp-json\/wp\/v2\/comments?post=11130"}],"version-history":[{"count":6,"href":"https:\/\/www.apaoltenia.ro\/index.php\/wp-json\/wp\/v2\/pages\/11130\/revisions"}],"predecessor-version":[{"id":12641,"href":"https:\/\/www.apaoltenia.ro\/index.php\/wp-json\/wp\/v2\/pages\/11130\/revisions\/12641"}],"up":[{"embeddable":true,"href":"https:\/\/www.apaoltenia.ro\/index.php\/wp-json\/wp\/v2\/pages\/636"}],"wp:attachment":[{"href":"https:\/\/www.apaoltenia.ro\/index.php\/wp-json\/wp\/v2\/media?parent=11130"}],"curies":[{"name":"wp","href":"https:\/\/api.w.org\/{rel}","templated":true}]}}