{"id":110,"date":"2020-05-10T07:10:58","date_gmt":"2020-05-10T07:10:58","guid":{"rendered":"https:\/\/www.apaoltenia.ro\/\/?page_id=110"},"modified":"2025-10-29T12:45:32","modified_gmt":"2025-10-29T10:45:32","slug":"analize-apa","status":"publish","type":"page","link":"https:\/\/www.apaoltenia.ro\/index.php\/informatii-utile\/analize-apa\/","title":{"rendered":"Analize ap\u0103"},"content":{"rendered":"<p>Prin ap\u0103 potabil\u0103 se \u00een\u021belege apa destinat\u0103 consumului uman (orice tip de ap\u0103 \u00een stare natural\u0103 sau dup\u0103 tratare, folosit\u0103 pentru b\u0103ut, la prepararea hranei ori pentru alte scopuri casnice, indiferent de originea ei). Apa potabil\u0103 trebuie s\u0103 fie sanogen\u0103 \u0219i curat\u0103, s\u0103 fie lipsit\u0103 de microorganisme, parazi\u021bi sau substan\u021be care, prin num\u0103r sau concentra\u021bie, pot constitui un pericol poten\u021bial pentru s\u0103n\u0103tatea uman\u0103.<\/p>\n<p>\u00cen conformitate cu prevederile Legii calit\u0103\u021bii apei potabile 458\/2002, cu modific\u0103rile \u0219i complet\u0103rile ulterioare, S.C. Compania de Ap\u0103 Oltenia S.A. are obliga\u021bia de monitorizare opera\u021bional\u0103  a apei potabile pe zone de distribu\u021bie pentru toat\u0103 aria de operare avizat anual de Direc\u021bia de S\u0103n\u0103tate Public\u0103 a Jude\u021bului Dolj.<\/p>\n<p>Scopul monitoriz\u0103rii opera\u021bionale este de a produce periodic informa\u021bii despre calitatea organoleptic\u0103, fizico-chimic\u0103 \u0219i microbiologic\u0103 a apei potabile produse \u0219i distribuite, despre eficien\u021ba tehnologiilor de tratare, cu accent pe tehnologia de dezinfec\u021bie, \u00een scopul determin\u0103rii dac\u0103 apa potabil\u0103 este corespunz\u0103toare sau nu din punctul de vedere al valorilor parametrilor relevan\u021bi stabili\u021bi de prezenta lege.<\/p>\n<p>Pentru a putea efectua analize de ap\u0103 potabil\u0103 recunoscute de Ministerul S\u0103n\u0103t\u0103\u0163ii, Laboratorul a fost \u00eenregistrat \u00een Registrul laboratoarelor pentru monitorizarea calit\u0103\u0163ii apei potabile al Ministerului S\u0103n\u0103t\u0103\u0163ii pentru prima dat\u0103 \u00een anul 2010, \u00eenregistrarea se actualizeaz\u0103 din doi \u00een doi ani.<\/p>\n<p>\u00cen toate localit\u0103\u021bile din aria de operare, verific\u0103m periodic probe de ap\u0103 potabil\u0103, prelevate din iesirile statiilor tratare  si  re\u0163elele de distribu\u0163ie, din puncte de control, stabilite de comun acord cu Direc\u021bia de S\u0103n\u0103tate Public\u0103 Dolj.<\/p>\n<p>Rezultatele centralizate ale programului de monitorizare sunt publicate pe site-ul companiei, \u00een sec\u021biunea <a href=\"https:\/\/www.apaoltenia.ro\/index.php\/informatii-utile\/parametrii-de-calitate-ai-apei-distribuite\/\">Parametrii de calitate ai apei distribuite<\/a> \u0219i sunt, de asemenea, disponibile la sediul \u0219i sucursalele S.C. Compania de Apa Oltenia S.A.<\/p>\n","protected":false},"excerpt":{"rendered":"<p>Prin ap\u0103 potabil\u0103 se \u00een\u021belege apa destinat\u0103 consumului uman (orice tip de ap\u0103 \u00een stare natural\u0103 sau dup\u0103 tratare, folosit\u0103 pentru b\u0103ut, la prepararea hranei ori pentru alte scopuri casnice, indiferent de originea ei). Apa potabil\u0103 trebuie s\u0103 fie sanogen\u0103 \u0219i curat\u0103, s\u0103 fie lipsit\u0103 de microorganisme, parazi\u021bi sau substan\u021be care, prin num\u0103r sau concentra\u021bie, &hellip;<\/p>\n<p class=\"read-more\"> <a class=\"\" href=\"https:\/\/www.apaoltenia.ro\/index.php\/informatii-utile\/analize-apa\/\"> <span class=\"screen-reader-text\">Analize ap\u0103<\/span> Read More &raquo;<\/a><\/p>\n","protected":false},"author":1,"featured_media":0,"parent":82,"menu_order":8,"comment_status":"closed","ping_status":"closed","template":"","meta":[],"_links":{"self":[{"href":"https:\/\/www.apaoltenia.ro\/index.php\/wp-json\/wp\/v2\/pages\/110"}],"collection":[{"href":"https:\/\/www.apaoltenia.ro\/index.php\/wp-json\/wp\/v2\/pages"}],"about":[{"href":"https:\/\/www.apaoltenia.ro\/index.php\/wp-json\/wp\/v2\/types\/page"}],"author":[{"embeddable":true,"href":"https:\/\/www.apaoltenia.ro\/index.php\/wp-json\/wp\/v2\/users\/1"}],"replies":[{"embeddable":true,"href":"https:\/\/www.apaoltenia.ro\/index.php\/wp-json\/wp\/v2\/comments?post=110"}],"version-history":[{"count":7,"href":"https:\/\/www.apaoltenia.ro\/index.php\/wp-json\/wp\/v2\/pages\/110\/revisions"}],"predecessor-version":[{"id":12298,"href":"https:\/\/www.apaoltenia.ro\/index.php\/wp-json\/wp\/v2\/pages\/110\/revisions\/12298"}],"up":[{"embeddable":true,"href":"https:\/\/www.apaoltenia.ro\/index.php\/wp-json\/wp\/v2\/pages\/82"}],"wp:attachment":[{"href":"https:\/\/www.apaoltenia.ro\/index.php\/wp-json\/wp\/v2\/media?parent=110"}],"curies":[{"name":"wp","href":"https:\/\/api.w.org\/{rel}","templated":true}]}}