{"id":106,"date":"2020-05-10T07:10:29","date_gmt":"2020-05-10T07:10:29","guid":{"rendered":"https:\/\/www.apaoltenia.ro\/\/?page_id=106"},"modified":"2021-05-11T07:53:43","modified_gmt":"2021-05-11T07:53:43","slug":"verificari-metrologice","status":"publish","type":"page","link":"https:\/\/www.apaoltenia.ro\/index.php\/informatii-utile\/verificari-metrologice\/","title":{"rendered":"Verific\u0103ri metrologice"},"content":{"rendered":"<p>Laboratorul de Metrologie al Companiei de Ap\u0103 Oltenia SA este autorizat s\u0103 verifice contoare de ap\u0103 rece cu diametrul nominal cuprins \u00eentre DN 15 mm \u0219i DN 50 mm, precum \u0219i contoare de ap\u0103 cald\u0103 cu diametrul nominal cuprins \u00eentre DN 15 mm \u0219i DN 32 mm.<\/p>\n<p>C\u00e2nd \u0219i cum se face verificarea apometrelor<\/p>\n<p>Verificarea metrologic\u0103 a apometrelor este o obliga\u021bie care \u00eei revine fiec\u0103rui proprietar \u00een parte. Compania de Ap\u0103 Oltenia, ca \u0219i administrator de re\u021bea, trebuie s\u0103 verifice toate contoarele situate pe domeniul public, peste 30.000 la num\u0103r. Termenul limit\u0103 la care trebuie s\u0103 se fac\u0103 verificarea apometrelor de ap\u0103 cald\u0103 este de patru ani, iar pentru cele de ap\u0103 rece perioada maxim\u0103 p\u00e2n\u0103 la care se poate face verificarea metrologic\u0103 este de \u0219apte ani.<\/p>\n<p>Angaja\u021bii Laboratorului de Metrologie al Companiei de Ap\u0103 Oltenia pot face verific\u0103ri \u0219i pentru persoane fizice sau juridice, \u00een baza unei cereri depuse la Companie, tariful fiind cuprins \u00eentre 12 \u0219i 100 lei.<br \/>\nVerificarea unui apometru const\u0103 \u00een scoaterea acestuia \u0219i conectarea lui la un aparat etalon, pentru a stabili dac\u0103 exist\u0103 erori de m\u0103surare \u0219i dac\u0103 se \u00eencadreaz\u0103 \u00een limitele admise legal. Dac\u0103 cererea este \u00eentemeiat\u0103 \u0219i se constat\u0103 c\u0103 apometrul nu \u00eenregistreaz\u0103 corect consumul de ap\u0103, acesta va trebui \u00eenlocuit, costurile verific\u0103rii metrologice fiind suportate de c\u0103tre Compania de Ap\u0103 Oltenia. \u00cen cazul \u00een care se ajunge la concluzia c\u0103 apometrul func\u021bioneaz\u0103 la parametrii normali, acesta se va monta la loc, costul verific\u0103rii fiind suportat de solicitant. La finalul opera\u021biunii de verificare a apometrelor, acestea se vor sigila cu s\u00e2rm\u0103 \u0219i plumb \u0219tan\u021bat.<\/p>\n<p>Repere din activitatea de verificare a apometrelor<\/p>\n<p>1. \u00cen urma solicit\u0103rii dumneavoastr\u0103, ne deplas\u0103m la loca\u021bie pentru a identifica problemele ap\u0103rute sau pentru a efectua verificarea metrologic\u0103.<br \/>\n2. Apometrele se decupleaz\u0103, mont\u00e2ndu-se provizoriu apometre temporare sau dop.<br \/>\n3. Trecem la verificarea apometrului prin conectarea la un aparat-etalon, urm\u00e2nd ca rezultatul s\u0103 fie consemnat \u00een buletinul de verificare metrologic\u0103 cu ADMIS sau RESPINS.<br \/>\n4. \u00cen cazul \u00een care apometrul nu \u00eenregistreaz\u0103 corect, acesta va trebui \u00eenlocuit cu unul nou.<br \/>\n5. Montajul se va sigila, iar dumneavoastr\u0103 ve\u021bi primi documenta\u021bia necesar\u0103 valid\u0103rii func\u021bion\u0103rii contorului de ap\u0103.<\/p>\n","protected":false},"excerpt":{"rendered":"<p>Laboratorul de Metrologie al Companiei de Ap\u0103 Oltenia SA este autorizat s\u0103 verifice contoare de ap\u0103 rece cu diametrul nominal cuprins \u00eentre DN 15 mm \u0219i DN 50 mm, precum \u0219i contoare de ap\u0103 cald\u0103 cu diametrul nominal cuprins \u00eentre DN 15 mm \u0219i DN 32 mm. C\u00e2nd \u0219i cum se face verificarea apometrelor Verificarea &hellip;<\/p>\n<p class=\"read-more\"> <a class=\"\" href=\"https:\/\/www.apaoltenia.ro\/index.php\/informatii-utile\/verificari-metrologice\/\"> <span class=\"screen-reader-text\">Verific\u0103ri metrologice<\/span> Read More &raquo;<\/a><\/p>\n","protected":false},"author":1,"featured_media":0,"parent":82,"menu_order":7,"comment_status":"closed","ping_status":"closed","template":"","meta":[],"_links":{"self":[{"href":"https:\/\/www.apaoltenia.ro\/index.php\/wp-json\/wp\/v2\/pages\/106"}],"collection":[{"href":"https:\/\/www.apaoltenia.ro\/index.php\/wp-json\/wp\/v2\/pages"}],"about":[{"href":"https:\/\/www.apaoltenia.ro\/index.php\/wp-json\/wp\/v2\/types\/page"}],"author":[{"embeddable":true,"href":"https:\/\/www.apaoltenia.ro\/index.php\/wp-json\/wp\/v2\/users\/1"}],"replies":[{"embeddable":true,"href":"https:\/\/www.apaoltenia.ro\/index.php\/wp-json\/wp\/v2\/comments?post=106"}],"version-history":[{"count":4,"href":"https:\/\/www.apaoltenia.ro\/index.php\/wp-json\/wp\/v2\/pages\/106\/revisions"}],"predecessor-version":[{"id":804,"href":"https:\/\/www.apaoltenia.ro\/index.php\/wp-json\/wp\/v2\/pages\/106\/revisions\/804"}],"up":[{"embeddable":true,"href":"https:\/\/www.apaoltenia.ro\/index.php\/wp-json\/wp\/v2\/pages\/82"}],"wp:attachment":[{"href":"https:\/\/www.apaoltenia.ro\/index.php\/wp-json\/wp\/v2\/media?parent=106"}],"curies":[{"name":"wp","href":"https:\/\/api.w.org\/{rel}","templated":true}]}}