{"id":1020,"date":"2021-06-08T10:11:36","date_gmt":"2021-06-08T10:11:36","guid":{"rendered":"https:\/\/www.apaoltenia.ro\/\/?page_id=1020"},"modified":"2026-03-09T10:07:07","modified_gmt":"2026-03-09T08:07:07","slug":"hotarari-a-g-a","status":"publish","type":"page","link":"https:\/\/www.apaoltenia.ro\/index.php\/companie\/convocari-a-g-a\/hotarari-a-g-a\/","title":{"rendered":"Hot\u0103r\u00e2ri A.G.A."},"content":{"rendered":"<p><b>Hot\u0103r\u00e2ri A.G.A. 2026<\/b><\/p>\n<p><img decoding=\"async\" src=\"\/wp-content\/uploads\/2011\/11\/adobe-acrobat-reader.png\" alt=\"\"> <a href=\"https:\/\/www.apaoltenia.ro\/wp-content\/uploads\/2026\/03\/Hotararea-AGA-nr.-1-din-2026.pdf\">Hot\u0103r\u00e2rea A.G.A. nr. 1<\/a><\/p>\n<p><b>Hot\u0103r\u00e2ri A.G.A. 2025<\/b><\/p>\n<p><img decoding=\"async\" src=\"\/wp-content\/uploads\/2011\/11\/adobe-acrobat-reader.png\" alt=\"\"> <a href=\"https:\/\/www.apaoltenia.ro\/wp-content\/uploads\/2025\/05\/Hotararea-AGA-1-din-2025.pdf\">Hot\u0103r\u00e2rea A.G.A. nr. 1<\/a><br \/>\n<img decoding=\"async\" src=\"\/wp-content\/uploads\/2011\/11\/adobe-acrobat-reader.png\" alt=\"\"> <a href=\"https:\/\/www.apaoltenia.ro\/wp-content\/uploads\/2025\/05\/Hotararea-AGA-nr.-2-din-2025.pdf\">Hot\u0103r\u00e2rea A.G.A. nr. 2<\/a><br \/>\n<img decoding=\"async\" src=\"\/wp-content\/uploads\/2011\/11\/adobe-acrobat-reader.png\" alt=\"\"> <a href=\"https:\/\/www.apaoltenia.ro\/wp-content\/uploads\/2025\/06\/Hotararea-AGA-3-din-2025.pdf\">Hot\u0103r\u00e2rea A.G.A. nr. 3<\/a><br \/>\n<img decoding=\"async\" src=\"\/wp-content\/uploads\/2011\/11\/adobe-acrobat-reader.png\" alt=\"\"> <a href=\"https:\/\/www.apaoltenia.ro\/wp-content\/uploads\/2025\/06\/Hotararea-AGA-4-din-2025.pdf\">Hot\u0103r\u00e2rea A.G.A. nr. 4<\/a><br \/>\n<img decoding=\"async\" src=\"\/wp-content\/uploads\/2011\/11\/adobe-acrobat-reader.png\" alt=\"\"> <a href=\"https:\/\/www.apaoltenia.ro\/wp-content\/uploads\/2026\/01\/Hotarare-AGA-5-din-2025.pdf\">Hot\u0103r\u00e2rea A.G.A. nr. 5<\/a><br \/>\n<img decoding=\"async\" src=\"\/wp-content\/uploads\/2011\/11\/adobe-acrobat-reader.png\" alt=\"\"> <a href=\"https:\/\/www.apaoltenia.ro\/wp-content\/uploads\/2026\/01\/Hotarare-AGA-6-din-2025.pdf\">Hot\u0103r\u00e2rea A.G.A. nr. 6<\/a><br \/>\n<img decoding=\"async\" src=\"\/wp-content\/uploads\/2011\/11\/adobe-acrobat-reader.png\" alt=\"\"> <a href=\"https:\/\/www.apaoltenia.ro\/wp-content\/uploads\/2026\/01\/Hotarare-AGA-7-din-2025.pdf\">Hot\u0103r\u00e2rea A.G.A. nr. 7<\/a><br \/>\n<img decoding=\"async\" src=\"\/wp-content\/uploads\/2011\/11\/adobe-acrobat-reader.png\" alt=\"\"> <a href=\"https:\/\/www.apaoltenia.ro\/wp-content\/uploads\/2026\/01\/Hotarare-AGA-8-din-2025.pdf\">Hot\u0103r\u00e2rea A.G.A. nr. 8<\/a><\/p>\n<p><b>Hot\u0103r\u00e2ri A.G.A. 2024<\/b><\/p>\n<p><img decoding=\"async\" src=\"\/wp-content\/uploads\/2011\/11\/adobe-acrobat-reader.png\" alt=\"\"> <a href=\"https:\/\/www.apaoltenia.ro\/wp-content\/uploads\/2024\/02\/Hot-AGA-1.2024.pdf\">Hot\u0103r\u00e2rea A.G.A. nr. 1<\/a><br \/>\n<img decoding=\"async\" src=\"\/wp-content\/uploads\/2011\/11\/adobe-acrobat-reader.png\" alt=\"\"> <a href=\"https:\/\/www.apaoltenia.ro\/wp-content\/uploads\/2024\/05\/hotarare-AGA-2-din-2024.pdf\">Hot\u0103r\u00e2rea A.G.A. nr. 2<\/a><br \/>\n<img decoding=\"async\" src=\"\/wp-content\/uploads\/2011\/11\/adobe-acrobat-reader.png\" alt=\"\"> <a href=\"https:\/\/www.apaoltenia.ro\/wp-content\/uploads\/2024\/05\/Hot.-AGA-3.pdf\">Hot\u0103r\u00e2rea A.G.A. nr. 3<\/a><br \/>\n<img decoding=\"async\" src=\"\/wp-content\/uploads\/2011\/11\/adobe-acrobat-reader.png\" alt=\"\"> <a href=\"https:\/\/www.apaoltenia.ro\/wp-content\/uploads\/2025\/04\/AGA-hot-4.pdf\">Hot\u0103r\u00e2rea A.G.A. nr. 4<\/a><br \/>\n<img decoding=\"async\" src=\"\/wp-content\/uploads\/2011\/11\/adobe-acrobat-reader.png\" alt=\"\"> <a href=\"https:\/\/www.apaoltenia.ro\/wp-content\/uploads\/2025\/04\/AGA-hot-5.pdf\">Hot\u0103r\u00e2rea A.G.A. nr. 5<\/a><\/p>\n<p><b>Hot\u0103r\u00e2ri A.G.A. 2023<\/b><\/p>\n<p><img decoding=\"async\" src=\"\/wp-content\/uploads\/2011\/11\/adobe-acrobat-reader.png\" alt=\"\"> <a href=\"https:\/\/www.apaoltenia.ro\/wp-content\/uploads\/2023\/05\/hotarare-nr-1-aga-2023.pdf\">Hot\u0103r\u00e2rea A.G.A. nr. 1<\/a><br \/>\n<img decoding=\"async\" src=\"\/wp-content\/uploads\/2011\/11\/adobe-acrobat-reader.png\" alt=\"\"> <a href=\"https:\/\/www.apaoltenia.ro\/wp-content\/uploads\/2023\/05\/aga-hotararea-nr.2-2023.pdf\">Hot\u0103r\u00e2rea A.G.A. nr. 2<\/a><br \/>\n<img decoding=\"async\" src=\"\/wp-content\/uploads\/2011\/11\/adobe-acrobat-reader.png\" alt=\"\"> <a href=\"https:\/\/www.apaoltenia.ro\/wp-content\/uploads\/2023\/08\/hotararea-nr-3-AGA.pdf\">Hot\u0103r\u00e2rea A.G.A. nr. 3<\/a><br \/>\n<img decoding=\"async\" src=\"\/wp-content\/uploads\/2011\/11\/adobe-acrobat-reader.png\" alt=\"\"> <a href=\"https:\/\/www.apaoltenia.ro\/wp-content\/uploads\/2023\/11\/hotararea-nr-4-AGA-2023.pdf\">Hot\u0103r\u00e2rea A.G.A. nr. 4<\/a><\/p>\n<p><b>Hot\u0103r\u00e2ri A.G.A. 2022<\/b><\/p>\n<p><img decoding=\"async\" src=\"\/wp-content\/uploads\/2011\/11\/adobe-acrobat-reader.png\" alt=\"\"> <a href=\"https:\/\/www.apaoltenia.ro\/wp-content\/uploads\/2022\/04\/Hotararea-nr.-1-AGA-2022.pdf\">Hot\u0103r\u00e2rea A.G.A. nr. 1<\/a><br \/>\n<img decoding=\"async\" src=\"\/wp-content\/uploads\/2011\/11\/adobe-acrobat-reader.png\" alt=\"\"> <a href=\"https:\/\/www.apaoltenia.ro\/wp-content\/uploads\/2022\/04\/Hotararea-nr.-2-AGA-2022.pdf\">Hot\u0103r\u00e2rea A.G.A. nr. 2<\/a><br \/>\n<img decoding=\"async\" src=\"\/wp-content\/uploads\/2011\/11\/adobe-acrobat-reader.png\" alt=\"\"> <a href=\"https:\/\/www.apaoltenia.ro\/wp-content\/uploads\/2022\/06\/Hotararea-AGA-nr.-3-din-30.05.2022.pdf\">Hot\u0103r\u00e2rea A.G.A. nr. 3<\/a><br \/>\n<img decoding=\"async\" src=\"\/wp-content\/uploads\/2011\/11\/adobe-acrobat-reader.png\" alt=\"\"> <a href=\"https:\/\/www.apaoltenia.ro\/wp-content\/uploads\/2022\/10\/Hotararea-AGA-nr-4-din-31.07.pdf\">Hot\u0103r\u00e2rea A.G.A. nr. 4<\/a><br \/>\n<img decoding=\"async\" src=\"\/wp-content\/uploads\/2011\/11\/adobe-acrobat-reader.png\" alt=\"\"> <a href=\"https:\/\/www.apaoltenia.ro\/wp-content\/uploads\/2022\/11\/Hotararea-AGA-nr.-5.pdf\">Hot\u0103r\u00e2rea A.G.A. nr. 5<\/a><\/p>\n<p><b>Hot\u0103r\u00e2ri A.G.A. 2021<\/b><\/p>\n<p><img decoding=\"async\" src=\"\/wp-content\/uploads\/2011\/11\/adobe-acrobat-reader.png\" alt=\"\"> <a href=\"https:\/\/www.apaoltenia.ro\/wp-content\/uploads\/2021\/07\/Hotararea-nr.-1.pdf\">Hot\u0103r\u00e2rea A.G.A. nr. 1<\/a><br \/>\n<img decoding=\"async\" src=\"\/wp-content\/uploads\/2011\/11\/adobe-acrobat-reader.png\" alt=\"\"> <a href=\"https:\/\/www.apaoltenia.ro\/wp-content\/uploads\/2021\/07\/Hotararea-nr.-2.pdf\">Hot\u0103r\u00e2rea A.G.A. nr. 2<\/a><br \/>\n<img decoding=\"async\" src=\"\/wp-content\/uploads\/2011\/11\/adobe-acrobat-reader.png\" alt=\"\"> <a href=\"https:\/\/www.apaoltenia.ro\/wp-content\/uploads\/2021\/07\/Hotararea-nr.-3.pdf\">Hot\u0103r\u00e2rea A.G.A. nr. 3<\/a><br \/>\n<img decoding=\"async\" src=\"\/wp-content\/uploads\/2011\/11\/adobe-acrobat-reader.png\" alt=\"\"> <a href=\"https:\/\/www.apaoltenia.ro\/wp-content\/uploads\/2021\/07\/Hotararea-nr.-4.pdf\">Hot\u0103r\u00e2rea A.G.A. nr. 4<\/a><br \/>\n<img decoding=\"async\" src=\"\/wp-content\/uploads\/2011\/11\/adobe-acrobat-reader.png\" alt=\"\"> <a href=\"https:\/\/www.apaoltenia.ro\/wp-content\/uploads\/2022\/03\/hotararea-nr.-5-2021.pdf\">Hot\u0103r\u00e2rea A.G.A. nr. 5<\/a><br \/>\n<img decoding=\"async\" src=\"\/wp-content\/uploads\/2011\/11\/adobe-acrobat-reader.png\" alt=\"\"> <a href=\"https:\/\/www.apaoltenia.ro\/wp-content\/uploads\/2022\/03\/hotararea-nr.-6-2021.pdf\">Hot\u0103r\u00e2rea A.G.A. nr. 6<\/a><\/p>\n<p><b>Hot\u0103r\u00e2ri A.G.A. 2020<\/b><\/p>\n<p><img decoding=\"async\" src=\"\/wp-content\/uploads\/2011\/11\/adobe-acrobat-reader.png\" alt=\"\"> <a href=\"https:\/\/www.apaoltenia.ro\/wp-content\/uploads\/2021\/07\/Hotararea-nr.-1-1.pdf\">Hot\u0103r\u00e2rea A.G.A. nr. 1<\/a><br \/>\n<img decoding=\"async\" src=\"\/wp-content\/uploads\/2011\/11\/adobe-acrobat-reader.png\" alt=\"\"> <a href=\"https:\/\/www.apaoltenia.ro\/wp-content\/uploads\/2021\/07\/Hotararea-nr.-2-1.pdf\">Hot\u0103r\u00e2rea A.G.A. nr. 2<\/a><br \/>\n<img decoding=\"async\" src=\"\/wp-content\/uploads\/2011\/11\/adobe-acrobat-reader.png\" alt=\"\"> <a href=\"https:\/\/www.apaoltenia.ro\/wp-content\/uploads\/2021\/07\/Hotararea-nr.-3-1.pdf\">Hot\u0103r\u00e2rea A.G.A. nr. 3<\/a><\/p>\n","protected":false},"excerpt":{"rendered":"<p>Hot\u0103r\u00e2ri A.G.A. 2026 Hot\u0103r\u00e2rea A.G.A. nr. 1 Hot\u0103r\u00e2ri A.G.A. 2025 Hot\u0103r\u00e2rea A.G.A. nr. 1 Hot\u0103r\u00e2rea A.G.A. nr. 2 Hot\u0103r\u00e2rea A.G.A. nr. 3 Hot\u0103r\u00e2rea A.G.A. nr. 4 Hot\u0103r\u00e2rea A.G.A. nr. 5 Hot\u0103r\u00e2rea A.G.A. nr. 6 Hot\u0103r\u00e2rea A.G.A. nr. 7 Hot\u0103r\u00e2rea A.G.A. nr. 8 Hot\u0103r\u00e2ri A.G.A. 2024 Hot\u0103r\u00e2rea A.G.A. nr. 1 Hot\u0103r\u00e2rea A.G.A. nr. 2 Hot\u0103r\u00e2rea A.G.A. &hellip;<\/p>\n<p class=\"read-more\"> <a class=\"\" href=\"https:\/\/www.apaoltenia.ro\/index.php\/companie\/convocari-a-g-a\/hotarari-a-g-a\/\"> <span class=\"screen-reader-text\">Hot\u0103r\u00e2ri A.G.A.<\/span> Read More &raquo;<\/a><\/p>\n","protected":false},"author":2,"featured_media":0,"parent":821,"menu_order":2,"comment_status":"closed","ping_status":"closed","template":"","meta":[],"_links":{"self":[{"href":"https:\/\/www.apaoltenia.ro\/index.php\/wp-json\/wp\/v2\/pages\/1020"}],"collection":[{"href":"https:\/\/www.apaoltenia.ro\/index.php\/wp-json\/wp\/v2\/pages"}],"about":[{"href":"https:\/\/www.apaoltenia.ro\/index.php\/wp-json\/wp\/v2\/types\/page"}],"author":[{"embeddable":true,"href":"https:\/\/www.apaoltenia.ro\/index.php\/wp-json\/wp\/v2\/users\/2"}],"replies":[{"embeddable":true,"href":"https:\/\/www.apaoltenia.ro\/index.php\/wp-json\/wp\/v2\/comments?post=1020"}],"version-history":[{"count":20,"href":"https:\/\/www.apaoltenia.ro\/index.php\/wp-json\/wp\/v2\/pages\/1020\/revisions"}],"predecessor-version":[{"id":12951,"href":"https:\/\/www.apaoltenia.ro\/index.php\/wp-json\/wp\/v2\/pages\/1020\/revisions\/12951"}],"up":[{"embeddable":true,"href":"https:\/\/www.apaoltenia.ro\/index.php\/wp-json\/wp\/v2\/pages\/821"}],"wp:attachment":[{"href":"https:\/\/www.apaoltenia.ro\/index.php\/wp-json\/wp\/v2\/media?parent=1020"}],"curies":[{"name":"wp","href":"https:\/\/api.w.org\/{rel}","templated":true}]}}