{"id":102,"date":"2020-05-09T14:59:15","date_gmt":"2020-05-09T14:59:15","guid":{"rendered":"https:\/\/www.apaoltenia.ro\/\/?page_id=102"},"modified":"2022-05-06T15:28:44","modified_gmt":"2022-05-06T12:28:44","slug":"avize-tehnice","status":"publish","type":"page","link":"https:\/\/www.apaoltenia.ro\/index.php\/informatii-utile\/avize-tehnice\/","title":{"rendered":"Avize tehnice"},"content":{"rendered":"\r\n<p>ACTE NECESARE PENTRU ELIBERAREA FI\u015eEI TEHNICE<\/p>\r\n\r\n\r\n<ul>\r\n<li>copie certificat urbanism<\/li>\r\n<li>copie BI\/CI<\/li>\r\n<li>copie certificat nomenclatur\u0103 stradal\u0103<\/li>\r\n<li>copie P.U.Z.<\/li>\r\n<li>copie P.U.G.<\/li>\r\n<li>copie plan de delimitare \u015fi amplasament<\/li>\r\n<li>avizul centrului zonal &#8211; pentru localit\u0103\u021bi din aria de operare, altele dec\u00e2t Craiova<\/li>\r\n<\/ul>\r\n\r\n\r\n<p><br><b>Formulare \u0219i Tarife<\/b><br><\/p>\r\n\r\n\r\n<p><a href=\"https:\/\/www.apaoltenia.ro\/wp-content\/uploads\/2020\/06\/TARIF-AVIZ-AMPLASAMENT.pdf\">Tarif aviz amplasament<\/a><\/p>\r\n<p><a href=\"https:\/\/www.apaoltenia.ro\/wp-content\/uploads\/2020\/06\/Formular-Fisa-Tehnica.pdf\">Formular fi\u0219\u0103 tehnic\u0103<\/a><\/p>\r\n<p><a href=\"https:\/\/www.apaoltenia.ro\/wp-content\/uploads\/2020\/06\/Cerere-aviz-de-amplasament.pdf\">Cerere aviz de amplasament<\/a><\/p>","protected":false},"excerpt":{"rendered":"<p>ACTE NECESARE PENTRU ELIBERAREA FI\u015eEI TEHNICE copie certificat urbanism copie BI\/CI copie certificat nomenclatur\u0103 stradal\u0103 copie P.U.Z. copie P.U.G. copie plan de delimitare \u015fi amplasament avizul centrului zonal &#8211; pentru localit\u0103\u021bi din aria de operare, altele dec\u00e2t Craiova Formulare \u0219i Tarife Tarif aviz amplasament Formular fi\u0219\u0103 tehnic\u0103 Cerere aviz de amplasament<\/p>\n","protected":false},"author":1,"featured_media":0,"parent":82,"menu_order":5,"comment_status":"closed","ping_status":"closed","template":"","meta":[],"_links":{"self":[{"href":"https:\/\/www.apaoltenia.ro\/index.php\/wp-json\/wp\/v2\/pages\/102"}],"collection":[{"href":"https:\/\/www.apaoltenia.ro\/index.php\/wp-json\/wp\/v2\/pages"}],"about":[{"href":"https:\/\/www.apaoltenia.ro\/index.php\/wp-json\/wp\/v2\/types\/page"}],"author":[{"embeddable":true,"href":"https:\/\/www.apaoltenia.ro\/index.php\/wp-json\/wp\/v2\/users\/1"}],"replies":[{"embeddable":true,"href":"https:\/\/www.apaoltenia.ro\/index.php\/wp-json\/wp\/v2\/comments?post=102"}],"version-history":[{"count":11,"href":"https:\/\/www.apaoltenia.ro\/index.php\/wp-json\/wp\/v2\/pages\/102\/revisions"}],"predecessor-version":[{"id":3554,"href":"https:\/\/www.apaoltenia.ro\/index.php\/wp-json\/wp\/v2\/pages\/102\/revisions\/3554"}],"up":[{"embeddable":true,"href":"https:\/\/www.apaoltenia.ro\/index.php\/wp-json\/wp\/v2\/pages\/82"}],"wp:attachment":[{"href":"https:\/\/www.apaoltenia.ro\/index.php\/wp-json\/wp\/v2\/media?parent=102"}],"curies":[{"name":"wp","href":"https:\/\/api.w.org\/{rel}","templated":true}]}}