{"id":1004,"date":"2021-06-07T12:16:59","date_gmt":"2021-06-07T12:16:59","guid":{"rendered":"https:\/\/www.apaoltenia.ro\/\/?page_id=1004"},"modified":"2026-02-05T15:28:17","modified_gmt":"2026-02-05T13:28:17","slug":"cod-de-conduita-etica","status":"publish","type":"page","link":"https:\/\/www.apaoltenia.ro\/index.php\/companie\/cod-de-conduita-etica\/","title":{"rendered":"Integritatea institu\u021bional\u0103"},"content":{"rendered":"<p><a href=\"https:\/\/www.apaoltenia.ro\/wp-content\/uploads\/2022\/07\/plan-de-integritate.pdf\">Plan de integritate<\/a><br \/>\n<a href=\"https:\/\/www.apaoltenia.ro\/wp-content\/uploads\/2022\/02\/cod-de-conduita-etica.pdf\">Cod de conduit\u0103 etic\u0103 &#8211; Compania de Ap\u0103 Oltenia S.A.<\/a><br \/>\n<a href=\"https:\/\/www.apaoltenia.ro\/wp-content\/uploads\/2024\/05\/cod-etica-C.A..pdf\">Cod de conduit\u0103 etic\u0103 &#8211; C.A.<\/a><br \/>\n<a href=\"https:\/\/www.apaoltenia.ro\/wp-content\/uploads\/2022\/02\/declaratie-privind-aderarea-la-SNA-2021-2025.pdf\">Declara\u021bie privind Aderarea la S.N.A. 2021-2025<\/a><br \/>\n<a href=\"https:\/\/www.apaoltenia.ro\/index.php\/companie\/echipa-manageriala\/\">Echipa managerial\u0103<\/a><br \/>\n<a href=\"https:\/\/www.apaoltenia.ro\/index.php\/companie\/hotarari\/\">Hot\u0103r\u00e2ri Consiliul de Administra\u021bie<\/a><br \/>\n<a href=\"https:\/\/www.apaoltenia.ro\/index.php\/companie\/convocari-a-g-a\/hotarari-a-g-a\/\">Hot\u0103r\u00e2ri A.G.A.<\/a><br \/>\n<a href=\"https:\/\/www.apaoltenia.ro\/index.php\/companie\/convocari-a-g-a\/convocari-a-g-a-2021\/\">Convoc\u0103ri A.G.A.<\/a><br \/>\n<a href=\"https:\/\/www.apaoltenia.ro\/index.php\/companie\/date-financiare\/\">Date financiare<\/a><br \/>\n<!--<a href=\"https:\/\/www.apaoltenia.ro\/index.php\/companie\/hotarari\/\">Hot\u0103r\u00e2ri Consiliul de Administra\u021bie<\/a>\n<a href=\"https:\/\/www.apaoltenia.ro\/index.php\/companie\/convocari-a-g-a\/hotarari-a-g-a\/\">Hot\u0103r\u00e2ri A.G.A.<\/a>\n<a href=\"https:\/\/declaratii.integritate.eu\/\">Declara\u021bii de avere \u0219i interese<\/a>--><\/p>\n","protected":false},"excerpt":{"rendered":"<p>Plan de integritate Cod de conduit\u0103 etic\u0103 &#8211; Compania de Ap\u0103 Oltenia S.A. Cod de conduit\u0103 etic\u0103 &#8211; C.A. Declara\u021bie privind Aderarea la S.N.A. 2021-2025 Echipa managerial\u0103 Hot\u0103r\u00e2ri Consiliul de Administra\u021bie Hot\u0103r\u00e2ri A.G.A. Convoc\u0103ri A.G.A. Date financiare<\/p>\n","protected":false},"author":2,"featured_media":0,"parent":30,"menu_order":12,"comment_status":"closed","ping_status":"closed","template":"","meta":[],"_links":{"self":[{"href":"https:\/\/www.apaoltenia.ro\/index.php\/wp-json\/wp\/v2\/pages\/1004"}],"collection":[{"href":"https:\/\/www.apaoltenia.ro\/index.php\/wp-json\/wp\/v2\/pages"}],"about":[{"href":"https:\/\/www.apaoltenia.ro\/index.php\/wp-json\/wp\/v2\/types\/page"}],"author":[{"embeddable":true,"href":"https:\/\/www.apaoltenia.ro\/index.php\/wp-json\/wp\/v2\/users\/2"}],"replies":[{"embeddable":true,"href":"https:\/\/www.apaoltenia.ro\/index.php\/wp-json\/wp\/v2\/comments?post=1004"}],"version-history":[{"count":14,"href":"https:\/\/www.apaoltenia.ro\/index.php\/wp-json\/wp\/v2\/pages\/1004\/revisions"}],"predecessor-version":[{"id":12714,"href":"https:\/\/www.apaoltenia.ro\/index.php\/wp-json\/wp\/v2\/pages\/1004\/revisions\/12714"}],"up":[{"embeddable":true,"href":"https:\/\/www.apaoltenia.ro\/index.php\/wp-json\/wp\/v2\/pages\/30"}],"wp:attachment":[{"href":"https:\/\/www.apaoltenia.ro\/index.php\/wp-json\/wp\/v2\/media?parent=1004"}],"curies":[{"name":"wp","href":"https:\/\/api.w.org\/{rel}","templated":true}]}}